{"id":244,"date":"2025-09-08T16:06:43","date_gmt":"2025-09-08T16:06:43","guid":{"rendered":"https:\/\/www.oraka.com.tr\/en\/?page_id=244"},"modified":"2025-09-27T12:02:09","modified_gmt":"2025-09-27T12:02:09","slug":"companies-constituting-the-group","status":"publish","type":"page","link":"https:\/\/www.oraka.com.tr\/en\/companies-constituting-the-group\/","title":{"rendered":"Companies Constituting the Group"},"content":{"rendered":"\t\t<div data-elementor-type=\"wp-page\" data-elementor-id=\"244\" class=\"elementor elementor-244\" data-elementor-post-type=\"page\">\n\t\t\t\t<div class=\"elementor-element elementor-element-5672572 e-flex e-con-boxed e-con e-parent\" data-id=\"5672572\" data-element_type=\"container\">\n\t\t\t\t\t<div class=\"e-con-inner\">\n\t\t<div class=\"elementor-element elementor-element-ef4543c e-con-full e-flex e-con e-child\" data-id=\"ef4543c\" data-element_type=\"container\">\n\t\t\t\t<div class=\"elementor-element elementor-element-5ab3101 elementor-widget elementor-widget-heading\" data-id=\"5ab3101\" data-element_type=\"widget\" data-widget_type=\"heading.default\">\n\t\t\t\t\t<h2 class=\"elementor-heading-title elementor-size-default\">ORAKA \u0130N\u015eAAT TAAHH\u00dcT GIDA SAN. ve T\u0130C. LTD. \u015eT\u0130.<\/h2>\t\t\t\t<\/div>\n\t\t\t\t<\/div>\n\t\t<div class=\"elementor-element elementor-element-97aa2c2 e-con-full e-flex e-con e-child\" data-id=\"97aa2c2\" data-element_type=\"container\">\n\t\t\t\t<div class=\"elementor-element elementor-element-3dead46 elementor-widget elementor-widget-heading\" data-id=\"3dead46\" data-element_type=\"widget\" data-widget_type=\"heading.default\">\n\t\t\t\t\t<h2 class=\"elementor-heading-title elementor-size-default\">ORAKA PAZARLAMA MAD. MER. \u0130N\u015e. TURZ. \u0130TH. \u0130HR. T\u0130C ve SAN. LTD. \u00a0\u015eT\u0130.<\/h2>\t\t\t\t<\/div>\n\t\t\t\t<\/div>\n\t\t<div class=\"elementor-element elementor-element-8f1f6a5 e-con-full e-flex e-con e-child\" data-id=\"8f1f6a5\" data-element_type=\"container\">\n\t\t\t\t<div class=\"elementor-element elementor-element-375c1a0 elementor-widget elementor-widget-heading\" data-id=\"375c1a0\" data-element_type=\"widget\" data-widget_type=\"heading.default\">\n\t\t\t\t\t<h2 class=\"elementor-heading-title elementor-size-default\">ORAKA YAT \u0130\u015eLETMEC\u0130L\u0130\u011e\u0130 T\u0130C. LTD. \u015eT\u0130.<\/h2>\t\t\t\t<\/div>\n\t\t\t\t<\/div>\n\t\t\t\t\t<\/div>\n\t\t\t\t<\/div>\n\t\t<div class=\"elementor-element elementor-element-20e61a6 e-flex e-con-boxed e-con e-parent\" data-id=\"20e61a6\" data-element_type=\"container\">\n\t\t\t\t\t<div class=\"e-con-inner\">\n\t\t<div class=\"elementor-element elementor-element-5561498 e-con-full e-flex e-con e-child\" data-id=\"5561498\" data-element_type=\"container\">\n\t\t\t\t<div class=\"elementor-element elementor-element-a12d09a elementor-widget elementor-widget-heading\" data-id=\"a12d09a\" data-element_type=\"widget\" data-widget_type=\"heading.default\">\n\t\t\t\t\t<h2 class=\"elementor-heading-title elementor-size-default\">GALYUM TEKNOLOJ\u0130 B\u0130L\u0130\u015e\u0130M M\u00dcHEND\u0130SL\u0130K LTD. \u015eT\u0130.<\/h2>\t\t\t\t<\/div>\n\t\t\t\t<\/div>\n\t\t<div class=\"elementor-element elementor-element-b83f249 e-con-full e-flex e-con e-child\" data-id=\"b83f249\" data-element_type=\"container\">\n\t\t\t\t<div class=\"elementor-element elementor-element-5e6d9e8 elementor-widget elementor-widget-heading\" data-id=\"5e6d9e8\" data-element_type=\"widget\" data-widget_type=\"heading.default\">\n\t\t\t\t\t<h2 class=\"elementor-heading-title elementor-size-default\">ORAKAGES ENERJ\u0130 YAT. \u00dcRT. PAZL. \u0130TH. \u0130HR. ve T\u0130C. A.\u015e.<\/h2>\t\t\t\t<\/div>\n\t\t\t\t<\/div>\n\t\t<div class=\"elementor-element elementor-element-50ba116 e-con-full e-flex e-con e-child\" data-id=\"50ba116\" data-element_type=\"container\">\n\t\t\t\t<div class=\"elementor-element elementor-element-605acad elementor-widget elementor-widget-heading\" data-id=\"605acad\" data-element_type=\"widget\" data-widget_type=\"heading.default\">\n\t\t\t\t\t<h2 class=\"elementor-heading-title elementor-size-default\">CEGES1 ELK. \u00dcRT. A.\u015e<\/h2>\t\t\t\t<\/div>\n\t\t\t\t<\/div>\n\t\t\t\t\t<\/div>\n\t\t\t\t<\/div>\n\t\t<div class=\"elementor-element elementor-element-126634e e-flex e-con-boxed e-con e-parent\" data-id=\"126634e\" data-element_type=\"container\">\n\t\t\t\t\t<div class=\"e-con-inner\">\n\t\t<div class=\"elementor-element elementor-element-f9f293f e-con-full e-flex e-con e-child\" data-id=\"f9f293f\" data-element_type=\"container\">\n\t\t\t\t<div class=\"elementor-element elementor-element-8c07e6c elementor-widget elementor-widget-heading\" data-id=\"8c07e6c\" data-element_type=\"widget\" data-widget_type=\"heading.default\">\n\t\t\t\t\t<h2 class=\"elementor-heading-title elementor-size-default\">LODOSGES ELK. \u00dcRT. SAN. ve T\u0130C. LTD. \u015eT\u0130.<\/h2>\t\t\t\t<\/div>\n\t\t\t\t<\/div>\n\t\t<div class=\"elementor-element elementor-element-e07d6b2 e-con-full e-flex e-con e-child\" data-id=\"e07d6b2\" data-element_type=\"container\">\n\t\t\t\t<div class=\"elementor-element elementor-element-73f57e3 elementor-widget elementor-widget-heading\" data-id=\"73f57e3\" data-element_type=\"widget\" data-widget_type=\"heading.default\">\n\t\t\t\t\t<h2 class=\"elementor-heading-title elementor-size-default\">\u0130MBATGES ELK. \u00dcRT. SAN. ve T\u0130C. LTD \u015eT\u0130.<\/h2>\t\t\t\t<\/div>\n\t\t\t\t<\/div>\n\t\t<div class=\"elementor-element elementor-element-0332212 e-con-full e-flex e-con e-child\" data-id=\"0332212\" data-element_type=\"container\">\n\t\t\t\t<\/div>\n\t\t\t\t\t<\/div>\n\t\t\t\t<\/div>\n\t\t\t\t<\/div>\n\t\t","protected":false},"excerpt":{"rendered":"<p>ORAKA \u0130N\u015eAAT TAAHH\u00dcT GIDA SAN. ve T\u0130C. LTD. \u015eT\u0130. ORAKA PAZARLAMA MAD. MER. \u0130N\u015e. TURZ. \u0130TH. \u0130HR. T\u0130C ve SAN. LTD. \u00a0\u015eT\u0130. ORAKA YAT \u0130\u015eLETMEC\u0130L\u0130\u011e\u0130 T\u0130C. LTD. \u015eT\u0130. GALYUM TEKNOLOJ\u0130 B\u0130L\u0130\u015e\u0130M M\u00dcHEND\u0130SL\u0130K LTD. \u015eT\u0130. ORAKAGES ENERJ\u0130 YAT. \u00dcRT. PAZL. \u0130TH. \u0130HR. ve T\u0130C. A.\u015e. CEGES1 ELK. \u00dcRT. A.\u015e LODOSGES ELK. \u00dcRT. SAN. ve T\u0130C. LTD. [&hellip;]<\/p>\n","protected":false},"author":1,"featured_media":0,"parent":0,"menu_order":0,"comment_status":"closed","ping_status":"closed","template":"","meta":{"footnotes":""},"class_list":["post-244","page","type-page","status-publish","hentry"],"yoast_head":"<!-- This site is optimized with the Yoast SEO Premium plugin v25.6 (Yoast SEO v26.0) - https:\/\/yoast.com\/wordpress\/plugins\/seo\/ -->\n<title>Companies Constituting the Group - &#x1f449; Oraka Construction - Oraka Group of Companies<\/title>\n<meta name=\"robots\" content=\"index, follow, max-snippet:-1, max-image-preview:large, max-video-preview:-1\" \/>\n<link rel=\"canonical\" href=\"https:\/\/www.oraka.com.tr\/en\/companies-constituting-the-group\/\" \/>\n<meta property=\"og:locale\" content=\"tr_TR\" \/>\n<meta property=\"og:type\" content=\"article\" \/>\n<meta property=\"og:title\" content=\"Companies Constituting the Group\" \/>\n<meta property=\"og:description\" content=\"ORAKA \u0130N\u015eAAT TAAHH\u00dcT GIDA SAN. ve T\u0130C. LTD. \u015eT\u0130. ORAKA PAZARLAMA MAD. MER. \u0130N\u015e. TURZ. \u0130TH. \u0130HR. T\u0130C ve SAN. LTD. \u00a0\u015eT\u0130. ORAKA YAT \u0130\u015eLETMEC\u0130L\u0130\u011e\u0130 T\u0130C. LTD. \u015eT\u0130. GALYUM TEKNOLOJ\u0130 B\u0130L\u0130\u015e\u0130M M\u00dcHEND\u0130SL\u0130K LTD. \u015eT\u0130. ORAKAGES ENERJ\u0130 YAT. \u00dcRT. PAZL. \u0130TH. \u0130HR. ve T\u0130C. A.\u015e. CEGES1 ELK. \u00dcRT. A.\u015e LODOSGES ELK. \u00dcRT. SAN. ve T\u0130C. LTD. [&hellip;]\" \/>\n<meta property=\"og:url\" content=\"https:\/\/www.oraka.com.tr\/en\/companies-constituting-the-group\/\" \/>\n<meta property=\"og:site_name\" content=\"&#x1f449; Oraka Construction - Oraka Group of Companies\" \/>\n<meta property=\"article:modified_time\" content=\"2025-09-27T12:02:09+00:00\" \/>\n<meta name=\"twitter:card\" content=\"summary_large_image\" \/>\n<meta name=\"twitter:label1\" content=\"Tahmini okuma s\u00fcresi\" \/>\n\t<meta name=\"twitter:data1\" content=\"1 dakika\" \/>\n<script type=\"application\/ld+json\" class=\"yoast-schema-graph\">{\"@context\":\"https:\/\/schema.org\",\"@graph\":[{\"@type\":\"WebPage\",\"@id\":\"https:\/\/www.oraka.com.tr\/en\/companies-constituting-the-group\/\",\"url\":\"https:\/\/www.oraka.com.tr\/en\/companies-constituting-the-group\/\",\"name\":\"Companies Constituting the Group - &#x1f449; Oraka Construction - Oraka Group of Companies\",\"isPartOf\":{\"@id\":\"https:\/\/www.oraka.com.tr\/en\/#website\"},\"datePublished\":\"2025-09-08T16:06:43+00:00\",\"dateModified\":\"2025-09-27T12:02:09+00:00\",\"breadcrumb\":{\"@id\":\"https:\/\/www.oraka.com.tr\/en\/companies-constituting-the-group\/#breadcrumb\"},\"inLanguage\":\"tr\",\"potentialAction\":[{\"@type\":\"ReadAction\",\"target\":[\"https:\/\/www.oraka.com.tr\/en\/companies-constituting-the-group\/\"]}]},{\"@type\":\"BreadcrumbList\",\"@id\":\"https:\/\/www.oraka.com.tr\/en\/companies-constituting-the-group\/#breadcrumb\",\"itemListElement\":[{\"@type\":\"ListItem\",\"position\":1,\"name\":\"Anasayfa\",\"item\":\"https:\/\/www.oraka.com.tr\/en\/\"},{\"@type\":\"ListItem\",\"position\":2,\"name\":\"Companies Constituting the Group\"}]},{\"@type\":\"WebSite\",\"@id\":\"https:\/\/www.oraka.com.tr\/en\/#website\",\"url\":\"https:\/\/www.oraka.com.tr\/en\/\",\"name\":\"&#x1f449; Oraka Construction - Oraka Group of Companies\",\"description\":\"\",\"publisher\":{\"@id\":\"https:\/\/www.oraka.com.tr\/en\/#organization\"},\"potentialAction\":[{\"@type\":\"SearchAction\",\"target\":{\"@type\":\"EntryPoint\",\"urlTemplate\":\"https:\/\/www.oraka.com.tr\/en\/?s={search_term_string}\"},\"query-input\":{\"@type\":\"PropertyValueSpecification\",\"valueRequired\":true,\"valueName\":\"search_term_string\"}}],\"inLanguage\":\"tr\"},{\"@type\":\"Organization\",\"@id\":\"https:\/\/www.oraka.com.tr\/en\/#organization\",\"name\":\"&#x1f449; Oraka Construction - Oraka Group of Companies\",\"url\":\"https:\/\/www.oraka.com.tr\/en\/\",\"logo\":{\"@type\":\"ImageObject\",\"inLanguage\":\"tr\",\"@id\":\"https:\/\/www.oraka.com.tr\/en\/#\/schema\/logo\/image\/\",\"url\":\"https:\/\/www.oraka.com.tr\/en\/wp-content\/uploads\/2025\/10\/oraka-logo-1-e1759461827197.png\",\"contentUrl\":\"https:\/\/www.oraka.com.tr\/en\/wp-content\/uploads\/2025\/10\/oraka-logo-1-e1759461827197.png\",\"width\":500,\"height\":309,\"caption\":\"&#x1f449; Oraka Construction - Oraka Group of Companies\"},\"image\":{\"@id\":\"https:\/\/www.oraka.com.tr\/en\/#\/schema\/logo\/image\/\"}}]}<\/script>\n<!-- \/ Yoast SEO Premium plugin. -->","yoast_head_json":{"title":"Companies Constituting the Group - &#x1f449; Oraka Construction - Oraka Group of Companies","robots":{"index":"index","follow":"follow","max-snippet":"max-snippet:-1","max-image-preview":"max-image-preview:large","max-video-preview":"max-video-preview:-1"},"canonical":"https:\/\/www.oraka.com.tr\/en\/companies-constituting-the-group\/","og_locale":"tr_TR","og_type":"article","og_title":"Companies Constituting the Group","og_description":"ORAKA \u0130N\u015eAAT TAAHH\u00dcT GIDA SAN. ve T\u0130C. LTD. \u015eT\u0130. ORAKA PAZARLAMA MAD. MER. \u0130N\u015e. TURZ. \u0130TH. \u0130HR. T\u0130C ve SAN. LTD. \u00a0\u015eT\u0130. ORAKA YAT \u0130\u015eLETMEC\u0130L\u0130\u011e\u0130 T\u0130C. LTD. \u015eT\u0130. GALYUM TEKNOLOJ\u0130 B\u0130L\u0130\u015e\u0130M M\u00dcHEND\u0130SL\u0130K LTD. \u015eT\u0130. ORAKAGES ENERJ\u0130 YAT. \u00dcRT. PAZL. \u0130TH. \u0130HR. ve T\u0130C. A.\u015e. CEGES1 ELK. \u00dcRT. A.\u015e LODOSGES ELK. \u00dcRT. SAN. ve T\u0130C. LTD. [&hellip;]","og_url":"https:\/\/www.oraka.com.tr\/en\/companies-constituting-the-group\/","og_site_name":"&#x1f449; Oraka Construction - Oraka Group of Companies","article_modified_time":"2025-09-27T12:02:09+00:00","twitter_card":"summary_large_image","twitter_misc":{"Tahmini okuma s\u00fcresi":"1 dakika"},"schema":{"@context":"https:\/\/schema.org","@graph":[{"@type":"WebPage","@id":"https:\/\/www.oraka.com.tr\/en\/companies-constituting-the-group\/","url":"https:\/\/www.oraka.com.tr\/en\/companies-constituting-the-group\/","name":"Companies Constituting the Group - &#x1f449; Oraka Construction - Oraka Group of Companies","isPartOf":{"@id":"https:\/\/www.oraka.com.tr\/en\/#website"},"datePublished":"2025-09-08T16:06:43+00:00","dateModified":"2025-09-27T12:02:09+00:00","breadcrumb":{"@id":"https:\/\/www.oraka.com.tr\/en\/companies-constituting-the-group\/#breadcrumb"},"inLanguage":"tr","potentialAction":[{"@type":"ReadAction","target":["https:\/\/www.oraka.com.tr\/en\/companies-constituting-the-group\/"]}]},{"@type":"BreadcrumbList","@id":"https:\/\/www.oraka.com.tr\/en\/companies-constituting-the-group\/#breadcrumb","itemListElement":[{"@type":"ListItem","position":1,"name":"Anasayfa","item":"https:\/\/www.oraka.com.tr\/en\/"},{"@type":"ListItem","position":2,"name":"Companies Constituting the Group"}]},{"@type":"WebSite","@id":"https:\/\/www.oraka.com.tr\/en\/#website","url":"https:\/\/www.oraka.com.tr\/en\/","name":"&#x1f449; Oraka Construction - Oraka Group of Companies","description":"","publisher":{"@id":"https:\/\/www.oraka.com.tr\/en\/#organization"},"potentialAction":[{"@type":"SearchAction","target":{"@type":"EntryPoint","urlTemplate":"https:\/\/www.oraka.com.tr\/en\/?s={search_term_string}"},"query-input":{"@type":"PropertyValueSpecification","valueRequired":true,"valueName":"search_term_string"}}],"inLanguage":"tr"},{"@type":"Organization","@id":"https:\/\/www.oraka.com.tr\/en\/#organization","name":"&#x1f449; Oraka Construction - Oraka Group of Companies","url":"https:\/\/www.oraka.com.tr\/en\/","logo":{"@type":"ImageObject","inLanguage":"tr","@id":"https:\/\/www.oraka.com.tr\/en\/#\/schema\/logo\/image\/","url":"https:\/\/www.oraka.com.tr\/en\/wp-content\/uploads\/2025\/10\/oraka-logo-1-e1759461827197.png","contentUrl":"https:\/\/www.oraka.com.tr\/en\/wp-content\/uploads\/2025\/10\/oraka-logo-1-e1759461827197.png","width":500,"height":309,"caption":"&#x1f449; Oraka Construction - Oraka Group of Companies"},"image":{"@id":"https:\/\/www.oraka.com.tr\/en\/#\/schema\/logo\/image\/"}}]}},"_links":{"self":[{"href":"https:\/\/www.oraka.com.tr\/en\/wp-json\/wp\/v2\/pages\/244","targetHints":{"allow":["GET"]}}],"collection":[{"href":"https:\/\/www.oraka.com.tr\/en\/wp-json\/wp\/v2\/pages"}],"about":[{"href":"https:\/\/www.oraka.com.tr\/en\/wp-json\/wp\/v2\/types\/page"}],"author":[{"embeddable":true,"href":"https:\/\/www.oraka.com.tr\/en\/wp-json\/wp\/v2\/users\/1"}],"replies":[{"embeddable":true,"href":"https:\/\/www.oraka.com.tr\/en\/wp-json\/wp\/v2\/comments?post=244"}],"version-history":[{"count":23,"href":"https:\/\/www.oraka.com.tr\/en\/wp-json\/wp\/v2\/pages\/244\/revisions"}],"predecessor-version":[{"id":1354,"href":"https:\/\/www.oraka.com.tr\/en\/wp-json\/wp\/v2\/pages\/244\/revisions\/1354"}],"wp:attachment":[{"href":"https:\/\/www.oraka.com.tr\/en\/wp-json\/wp\/v2\/media?parent=244"}],"curies":[{"name":"wp","href":"https:\/\/api.w.org\/{rel}","templated":true}]}}