{"id":324,"date":"2025-09-08T18:01:52","date_gmt":"2025-09-08T18:01:52","guid":{"rendered":"https:\/\/www.oraka.com.tr\/en\/?page_id=324"},"modified":"2025-09-27T11:25:55","modified_gmt":"2025-09-27T11:25:55","slug":"toki-hatay-antakya-construction-of-717-housing-units-123-commercial-units-and-33-storage-units","status":"publish","type":"page","link":"https:\/\/www.oraka.com.tr\/en\/toki-hatay-antakya-construction-of-717-housing-units-123-commercial-units-and-33-storage-units\/","title":{"rendered":"TOK\u0130 Hatay Antakya Construction of 717 Housing Units 123 Commercial Units and 33 Storage Units"},"content":{"rendered":"\t\t<div data-elementor-type=\"wp-page\" data-elementor-id=\"324\" class=\"elementor elementor-324\" data-elementor-post-type=\"page\">\n\t\t\t\t<div class=\"elementor-element elementor-element-eb9fe2e e-flex e-con-boxed e-con e-parent\" data-id=\"eb9fe2e\" data-element_type=\"container\">\n\t\t\t\t\t<div class=\"e-con-inner\">\n\t\t<div class=\"elementor-element elementor-element-a514aa2 e-con-full e-flex e-con e-child\" data-id=\"a514aa2\" data-element_type=\"container\">\n\t\t\t\t<div class=\"elementor-element elementor-element-f138171 elementor-arrows-position-inside elementor-pagination-position-outside elementor-widget elementor-widget-image-carousel\" data-id=\"f138171\" data-element_type=\"widget\" data-settings=\"{&quot;slides_to_show&quot;:&quot;1&quot;,&quot;navigation&quot;:&quot;both&quot;,&quot;autoplay&quot;:&quot;yes&quot;,&quot;pause_on_hover&quot;:&quot;yes&quot;,&quot;pause_on_interaction&quot;:&quot;yes&quot;,&quot;autoplay_speed&quot;:5000,&quot;infinite&quot;:&quot;yes&quot;,&quot;effect&quot;:&quot;slide&quot;,&quot;speed&quot;:500}\" data-widget_type=\"image-carousel.default\">\n\t\t\t\t\t\t\t<div class=\"elementor-image-carousel-wrapper swiper\" role=\"region\" aria-roledescription=\"carousel\" aria-label=\"Resim D\u00f6ng\u00fcs\u00fc\" dir=\"ltr\">\n\t\t\t<div class=\"elementor-image-carousel swiper-wrapper\" aria-live=\"off\">\n\t\t\t\t\t\t\t\t<div class=\"swiper-slide\" role=\"group\" aria-roledescription=\"slide\" aria-label=\"1 \/ 3\"><figure class=\"swiper-slide-inner\"><img decoding=\"async\" class=\"swiper-slide-image\" src=\"https:\/\/www.oraka.com.tr\/en\/wp-content\/uploads\/2025\/09\/Picture1.png\" alt=\"TOK\u0130 Hatay Antakya: Construction of 717 Housing Units, 123 Commercial Units, and 33 Storage Units\" \/><\/figure><\/div><div class=\"swiper-slide\" role=\"group\" aria-roledescription=\"slide\" aria-label=\"2 \/ 3\"><figure class=\"swiper-slide-inner\"><img decoding=\"async\" class=\"swiper-slide-image\" src=\"https:\/\/www.oraka.com.tr\/en\/wp-content\/uploads\/2025\/09\/TOKI-Hatay-Antakya-717-Konut-123-Dukkan-33-Depo-Insaati-Yapim-Isi11.png\" alt=\"TOK\u0130 Hatay Antakya: Construction of 717 Housing Units, 123 Commercial Units, and 33 Storage Units\" \/><\/figure><\/div><div class=\"swiper-slide\" role=\"group\" aria-roledescription=\"slide\" aria-label=\"3 \/ 3\"><figure class=\"swiper-slide-inner\"><img decoding=\"async\" class=\"swiper-slide-image\" src=\"https:\/\/www.oraka.com.tr\/en\/wp-content\/uploads\/2025\/09\/TOKI-Hatay-Antakya-717-Konut-123-Dukkan-33-Depo-Insaati-Yapim-Isi12.png\" alt=\"TOK\u0130 Hatay Antakya: Construction of 717 Housing Units, 123 Commercial Units, and 33 Storage Units\" \/><\/figure><\/div>\t\t\t<\/div>\n\t\t\t\t\t\t\t\t\t\t\t\t<div class=\"elementor-swiper-button elementor-swiper-button-prev\" role=\"button\" tabindex=\"0\">\n\t\t\t\t\t\t<svg aria-hidden=\"true\" class=\"e-font-icon-svg e-eicon-chevron-left\" viewBox=\"0 0 1000 1000\" xmlns=\"http:\/\/www.w3.org\/2000\/svg\"><path d=\"M646 125C629 125 613 133 604 142L308 442C296 454 292 471 292 487 292 504 296 521 308 533L604 854C617 867 629 875 646 875 663 875 679 871 692 858 704 846 713 829 713 812 713 796 708 779 692 767L438 487 692 225C700 217 708 204 708 187 708 171 704 154 692 142 675 129 663 125 646 125Z\"><\/path><\/svg>\t\t\t\t\t<\/div>\n\t\t\t\t\t<div class=\"elementor-swiper-button elementor-swiper-button-next\" role=\"button\" tabindex=\"0\">\n\t\t\t\t\t\t<svg aria-hidden=\"true\" class=\"e-font-icon-svg e-eicon-chevron-right\" viewBox=\"0 0 1000 1000\" xmlns=\"http:\/\/www.w3.org\/2000\/svg\"><path d=\"M696 533C708 521 713 504 713 487 713 471 708 454 696 446L400 146C388 133 375 125 354 125 338 125 325 129 313 142 300 154 292 171 292 187 292 204 296 221 308 233L563 492 304 771C292 783 288 800 288 817 288 833 296 850 308 863 321 871 338 875 354 875 371 875 388 867 400 854L696 533Z\"><\/path><\/svg>\t\t\t\t\t<\/div>\n\t\t\t\t\n\t\t\t\t\t\t\t\t\t<div class=\"swiper-pagination\"><\/div>\n\t\t\t\t\t\t\t\t\t<\/div>\n\t\t\t\t\t\t<\/div>\n\t\t\t\t<\/div>\n\t\t<div class=\"elementor-element elementor-element-569e963 e-con-full e-flex e-con e-child\" data-id=\"569e963\" data-element_type=\"container\">\n\t\t\t\t<div class=\"elementor-element elementor-element-1d87eee elementor-widget elementor-widget-heading\" data-id=\"1d87eee\" data-element_type=\"widget\" data-widget_type=\"heading.default\">\n\t\t\t\t\t<h2 class=\"elementor-heading-title elementor-size-default\">TOK\u0130 Hatay Antakya Construction of 717 Housing Units 123 Commercial Units and 33 Storage Units<\/h2>\t\t\t\t<\/div>\n\t\t<div class=\"elementor-element elementor-element-c4becaf e-con-full e-flex e-con e-child\" data-id=\"c4becaf\" data-element_type=\"container\">\n\t\t<div class=\"elementor-element elementor-element-8e2ad15 e-con-full e-flex e-con e-child\" data-id=\"8e2ad15\" data-element_type=\"container\">\n\t\t<div class=\"elementor-element elementor-element-0a954cc e-con-full e-flex e-con e-child\" data-id=\"0a954cc\" data-element_type=\"container\">\n\t\t\t\t<div class=\"elementor-element elementor-element-3ebba57 elementor-widget elementor-widget-heading\" data-id=\"3ebba57\" data-element_type=\"widget\" data-widget_type=\"heading.default\">\n\t\t\t\t\t<h2 class=\"elementor-heading-title elementor-size-default\">Location:<\/h2>\t\t\t\t<\/div>\n\t\t\t\t<\/div>\n\t\t<div class=\"elementor-element elementor-element-a29a692 e-con-full e-flex e-con e-child\" data-id=\"a29a692\" data-element_type=\"container\">\n\t\t\t\t<div class=\"elementor-element elementor-element-0672773 elementor-widget elementor-widget-heading\" data-id=\"0672773\" data-element_type=\"widget\" data-widget_type=\"heading.default\">\n\t\t\t\t\t<h2 class=\"elementor-heading-title elementor-size-default\">Hatay<\/h2>\t\t\t\t<\/div>\n\t\t\t\t<\/div>\n\t\t\t\t<\/div>\n\t\t<div class=\"elementor-element elementor-element-8787f64 e-con-full e-flex e-con e-child\" data-id=\"8787f64\" data-element_type=\"container\">\n\t\t<div class=\"elementor-element elementor-element-a1975a4 e-con-full e-flex e-con e-child\" data-id=\"a1975a4\" data-element_type=\"container\">\n\t\t\t\t<div class=\"elementor-element elementor-element-3487fc2 elementor-widget elementor-widget-heading\" data-id=\"3487fc2\" data-element_type=\"widget\" data-widget_type=\"heading.default\">\n\t\t\t\t\t<h2 class=\"elementor-heading-title elementor-size-default\">Hiring Companny:<\/h2>\t\t\t\t<\/div>\n\t\t\t\t<\/div>\n\t\t<div class=\"elementor-element elementor-element-45c2f3a e-con-full e-flex e-con e-child\" data-id=\"45c2f3a\" data-element_type=\"container\">\n\t\t\t\t<div class=\"elementor-element elementor-element-1dd738d elementor-widget elementor-widget-heading\" data-id=\"1dd738d\" data-element_type=\"widget\" data-widget_type=\"heading.default\">\n\t\t\t\t\t<h2 class=\"elementor-heading-title elementor-size-default\">TOK\u0130<\/h2>\t\t\t\t<\/div>\n\t\t\t\t<\/div>\n\t\t\t\t<\/div>\n\t\t<div class=\"elementor-element elementor-element-9860cd8 e-con-full e-flex e-con e-child\" data-id=\"9860cd8\" data-element_type=\"container\">\n\t\t<div class=\"elementor-element elementor-element-83de620 e-con-full e-flex e-con e-child\" data-id=\"83de620\" data-element_type=\"container\">\n\t\t\t\t<div class=\"elementor-element elementor-element-dfcecd8 elementor-widget elementor-widget-heading\" data-id=\"dfcecd8\" data-element_type=\"widget\" data-widget_type=\"heading.default\">\n\t\t\t\t\t<h2 class=\"elementor-heading-title elementor-size-default\">Construction Area:<\/h2>\t\t\t\t<\/div>\n\t\t\t\t<\/div>\n\t\t<div class=\"elementor-element elementor-element-008d0cb e-con-full e-flex e-con e-child\" data-id=\"008d0cb\" data-element_type=\"container\">\n\t\t\t\t<div class=\"elementor-element elementor-element-25dc49f elementor-widget elementor-widget-heading\" data-id=\"25dc49f\" data-element_type=\"widget\" data-widget_type=\"heading.default\">\n\t\t\t\t\t<h2 class=\"elementor-heading-title elementor-size-default\">144.000 m\u00b2<\/h2>\t\t\t\t<\/div>\n\t\t\t\t<\/div>\n\t\t\t\t<\/div>\n\t\t<div class=\"elementor-element elementor-element-c43d0fc e-con-full e-flex e-con e-child\" data-id=\"c43d0fc\" data-element_type=\"container\">\n\t\t<div class=\"elementor-element elementor-element-0d9595d e-con-full e-flex e-con e-child\" data-id=\"0d9595d\" data-element_type=\"container\">\n\t\t\t\t<div class=\"elementor-element elementor-element-d700443 elementor-widget elementor-widget-heading\" data-id=\"d700443\" data-element_type=\"widget\" data-widget_type=\"heading.default\">\n\t\t\t\t\t<h2 class=\"elementor-heading-title elementor-size-default\">Completion of Work:<\/h2>\t\t\t\t<\/div>\n\t\t\t\t<\/div>\n\t\t<div class=\"elementor-element elementor-element-6fae0b6 e-con-full e-flex e-con e-child\" data-id=\"6fae0b6\" data-element_type=\"container\">\n\t\t\t\t<div class=\"elementor-element elementor-element-7b3c198 elementor-widget elementor-widget-heading\" data-id=\"7b3c198\" data-element_type=\"widget\" data-widget_type=\"heading.default\">\n\t\t\t\t\t<h2 class=\"elementor-heading-title elementor-size-default\">31.12.2025<\/h2>\t\t\t\t<\/div>\n\t\t\t\t<\/div>\n\t\t\t\t<\/div>\n\t\t\t\t<\/div>\n\t\t\t\t<\/div>\n\t\t\t\t\t<\/div>\n\t\t\t\t<\/div>\n\t\t\t\t<\/div>\n\t\t","protected":false},"excerpt":{"rendered":"<p>TOK\u0130 Hatay Antakya Construction of 717 Housing Units 123 Commercial Units and 33 Storage Units Location: Hatay Hiring Companny: TOK\u0130 Construction Area: 144.000 m\u00b2 Completion of Work: 31.12.2025<\/p>\n","protected":false},"author":1,"featured_media":46,"parent":0,"menu_order":0,"comment_status":"closed","ping_status":"closed","template":"","meta":{"footnotes":""},"class_list":["post-324","page","type-page","status-publish","has-post-thumbnail","hentry"],"yoast_head":"<!-- This site is optimized with the Yoast SEO Premium plugin v25.6 (Yoast SEO v26.0) - https:\/\/yoast.com\/wordpress\/plugins\/seo\/ -->\n<title>TOK\u0130 Hatay Antakya Construction of 717 Housing Units 123 Commercial Units and 33 Storage Units - &#x1f449; Oraka Construction - Oraka Group of Companies<\/title>\n<meta name=\"robots\" content=\"index, follow, max-snippet:-1, max-image-preview:large, max-video-preview:-1\" \/>\n<link rel=\"canonical\" href=\"https:\/\/www.oraka.com.tr\/en\/toki-hatay-antakya-construction-of-717-housing-units-123-commercial-units-and-33-storage-units\/\" \/>\n<meta property=\"og:locale\" content=\"tr_TR\" \/>\n<meta property=\"og:type\" content=\"article\" \/>\n<meta property=\"og:title\" content=\"TOK\u0130 Hatay Antakya Construction of 717 Housing Units 123 Commercial Units and 33 Storage Units\" \/>\n<meta property=\"og:description\" content=\"TOK\u0130 Hatay Antakya Construction of 717 Housing Units 123 Commercial Units and 33 Storage Units Location: Hatay Hiring Companny: TOK\u0130 Construction Area: 144.000 m\u00b2 Completion of Work: 31.12.2025\" \/>\n<meta property=\"og:url\" content=\"https:\/\/www.oraka.com.tr\/en\/toki-hatay-antakya-construction-of-717-housing-units-123-commercial-units-and-33-storage-units\/\" \/>\n<meta property=\"og:site_name\" content=\"&#x1f449; Oraka Construction - Oraka Group of Companies\" \/>\n<meta property=\"article:modified_time\" content=\"2025-09-27T11:25:55+00:00\" \/>\n<meta property=\"og:image\" content=\"https:\/\/www.oraka.com.tr\/en\/wp-content\/uploads\/2025\/09\/Picture1.png\" \/>\n\t<meta property=\"og:image:width\" content=\"300\" \/>\n\t<meta property=\"og:image:height\" content=\"169\" \/>\n\t<meta property=\"og:image:type\" content=\"image\/png\" \/>\n<meta name=\"twitter:card\" content=\"summary_large_image\" \/>\n<meta name=\"twitter:label1\" content=\"Tahmini okuma s\u00fcresi\" \/>\n\t<meta name=\"twitter:data1\" content=\"2 dakika\" \/>\n<script type=\"application\/ld+json\" class=\"yoast-schema-graph\">{\"@context\":\"https:\/\/schema.org\",\"@graph\":[{\"@type\":\"WebPage\",\"@id\":\"https:\/\/www.oraka.com.tr\/en\/toki-hatay-antakya-construction-of-717-housing-units-123-commercial-units-and-33-storage-units\/\",\"url\":\"https:\/\/www.oraka.com.tr\/en\/toki-hatay-antakya-construction-of-717-housing-units-123-commercial-units-and-33-storage-units\/\",\"name\":\"TOK\u0130 Hatay Antakya Construction of 717 Housing Units 123 Commercial Units and 33 Storage Units - &#x1f449; Oraka Construction - Oraka Group of Companies\",\"isPartOf\":{\"@id\":\"https:\/\/www.oraka.com.tr\/en\/#website\"},\"primaryImageOfPage\":{\"@id\":\"https:\/\/www.oraka.com.tr\/en\/toki-hatay-antakya-construction-of-717-housing-units-123-commercial-units-and-33-storage-units\/#primaryimage\"},\"image\":{\"@id\":\"https:\/\/www.oraka.com.tr\/en\/toki-hatay-antakya-construction-of-717-housing-units-123-commercial-units-and-33-storage-units\/#primaryimage\"},\"thumbnailUrl\":\"https:\/\/www.oraka.com.tr\/en\/wp-content\/uploads\/2025\/09\/Picture1.png\",\"datePublished\":\"2025-09-08T18:01:52+00:00\",\"dateModified\":\"2025-09-27T11:25:55+00:00\",\"breadcrumb\":{\"@id\":\"https:\/\/www.oraka.com.tr\/en\/toki-hatay-antakya-construction-of-717-housing-units-123-commercial-units-and-33-storage-units\/#breadcrumb\"},\"inLanguage\":\"tr\",\"potentialAction\":[{\"@type\":\"ReadAction\",\"target\":[\"https:\/\/www.oraka.com.tr\/en\/toki-hatay-antakya-construction-of-717-housing-units-123-commercial-units-and-33-storage-units\/\"]}]},{\"@type\":\"ImageObject\",\"inLanguage\":\"tr\",\"@id\":\"https:\/\/www.oraka.com.tr\/en\/toki-hatay-antakya-construction-of-717-housing-units-123-commercial-units-and-33-storage-units\/#primaryimage\",\"url\":\"https:\/\/www.oraka.com.tr\/en\/wp-content\/uploads\/2025\/09\/Picture1.png\",\"contentUrl\":\"https:\/\/www.oraka.com.tr\/en\/wp-content\/uploads\/2025\/09\/Picture1.png\",\"width\":300,\"height\":169},{\"@type\":\"BreadcrumbList\",\"@id\":\"https:\/\/www.oraka.com.tr\/en\/toki-hatay-antakya-construction-of-717-housing-units-123-commercial-units-and-33-storage-units\/#breadcrumb\",\"itemListElement\":[{\"@type\":\"ListItem\",\"position\":1,\"name\":\"Anasayfa\",\"item\":\"https:\/\/www.oraka.com.tr\/en\/\"},{\"@type\":\"ListItem\",\"position\":2,\"name\":\"TOK\u0130 Hatay Antakya Construction of 717 Housing Units 123 Commercial Units and 33 Storage Units\"}]},{\"@type\":\"WebSite\",\"@id\":\"https:\/\/www.oraka.com.tr\/en\/#website\",\"url\":\"https:\/\/www.oraka.com.tr\/en\/\",\"name\":\"&#x1f449; Oraka Construction - Oraka Group of Companies\",\"description\":\"\",\"publisher\":{\"@id\":\"https:\/\/www.oraka.com.tr\/en\/#organization\"},\"potentialAction\":[{\"@type\":\"SearchAction\",\"target\":{\"@type\":\"EntryPoint\",\"urlTemplate\":\"https:\/\/www.oraka.com.tr\/en\/?s={search_term_string}\"},\"query-input\":{\"@type\":\"PropertyValueSpecification\",\"valueRequired\":true,\"valueName\":\"search_term_string\"}}],\"inLanguage\":\"tr\"},{\"@type\":\"Organization\",\"@id\":\"https:\/\/www.oraka.com.tr\/en\/#organization\",\"name\":\"&#x1f449; Oraka Construction - Oraka Group of Companies\",\"url\":\"https:\/\/www.oraka.com.tr\/en\/\",\"logo\":{\"@type\":\"ImageObject\",\"inLanguage\":\"tr\",\"@id\":\"https:\/\/www.oraka.com.tr\/en\/#\/schema\/logo\/image\/\",\"url\":\"https:\/\/www.oraka.com.tr\/en\/wp-content\/uploads\/2025\/10\/oraka-logo-1-e1759461827197.png\",\"contentUrl\":\"https:\/\/www.oraka.com.tr\/en\/wp-content\/uploads\/2025\/10\/oraka-logo-1-e1759461827197.png\",\"width\":500,\"height\":309,\"caption\":\"&#x1f449; Oraka Construction - Oraka Group of Companies\"},\"image\":{\"@id\":\"https:\/\/www.oraka.com.tr\/en\/#\/schema\/logo\/image\/\"}}]}<\/script>\n<!-- \/ Yoast SEO Premium plugin. -->","yoast_head_json":{"title":"TOK\u0130 Hatay Antakya Construction of 717 Housing Units 123 Commercial Units and 33 Storage Units - &#x1f449; Oraka Construction - Oraka Group of Companies","robots":{"index":"index","follow":"follow","max-snippet":"max-snippet:-1","max-image-preview":"max-image-preview:large","max-video-preview":"max-video-preview:-1"},"canonical":"https:\/\/www.oraka.com.tr\/en\/toki-hatay-antakya-construction-of-717-housing-units-123-commercial-units-and-33-storage-units\/","og_locale":"tr_TR","og_type":"article","og_title":"TOK\u0130 Hatay Antakya Construction of 717 Housing Units 123 Commercial Units and 33 Storage Units","og_description":"TOK\u0130 Hatay Antakya Construction of 717 Housing Units 123 Commercial Units and 33 Storage Units Location: Hatay Hiring Companny: TOK\u0130 Construction Area: 144.000 m\u00b2 Completion of Work: 31.12.2025","og_url":"https:\/\/www.oraka.com.tr\/en\/toki-hatay-antakya-construction-of-717-housing-units-123-commercial-units-and-33-storage-units\/","og_site_name":"&#x1f449; Oraka Construction - Oraka Group of Companies","article_modified_time":"2025-09-27T11:25:55+00:00","og_image":[{"width":300,"height":169,"url":"https:\/\/www.oraka.com.tr\/en\/wp-content\/uploads\/2025\/09\/Picture1.png","type":"image\/png"}],"twitter_card":"summary_large_image","twitter_misc":{"Tahmini okuma s\u00fcresi":"2 dakika"},"schema":{"@context":"https:\/\/schema.org","@graph":[{"@type":"WebPage","@id":"https:\/\/www.oraka.com.tr\/en\/toki-hatay-antakya-construction-of-717-housing-units-123-commercial-units-and-33-storage-units\/","url":"https:\/\/www.oraka.com.tr\/en\/toki-hatay-antakya-construction-of-717-housing-units-123-commercial-units-and-33-storage-units\/","name":"TOK\u0130 Hatay Antakya Construction of 717 Housing Units 123 Commercial Units and 33 Storage Units - &#x1f449; Oraka Construction - Oraka Group of Companies","isPartOf":{"@id":"https:\/\/www.oraka.com.tr\/en\/#website"},"primaryImageOfPage":{"@id":"https:\/\/www.oraka.com.tr\/en\/toki-hatay-antakya-construction-of-717-housing-units-123-commercial-units-and-33-storage-units\/#primaryimage"},"image":{"@id":"https:\/\/www.oraka.com.tr\/en\/toki-hatay-antakya-construction-of-717-housing-units-123-commercial-units-and-33-storage-units\/#primaryimage"},"thumbnailUrl":"https:\/\/www.oraka.com.tr\/en\/wp-content\/uploads\/2025\/09\/Picture1.png","datePublished":"2025-09-08T18:01:52+00:00","dateModified":"2025-09-27T11:25:55+00:00","breadcrumb":{"@id":"https:\/\/www.oraka.com.tr\/en\/toki-hatay-antakya-construction-of-717-housing-units-123-commercial-units-and-33-storage-units\/#breadcrumb"},"inLanguage":"tr","potentialAction":[{"@type":"ReadAction","target":["https:\/\/www.oraka.com.tr\/en\/toki-hatay-antakya-construction-of-717-housing-units-123-commercial-units-and-33-storage-units\/"]}]},{"@type":"ImageObject","inLanguage":"tr","@id":"https:\/\/www.oraka.com.tr\/en\/toki-hatay-antakya-construction-of-717-housing-units-123-commercial-units-and-33-storage-units\/#primaryimage","url":"https:\/\/www.oraka.com.tr\/en\/wp-content\/uploads\/2025\/09\/Picture1.png","contentUrl":"https:\/\/www.oraka.com.tr\/en\/wp-content\/uploads\/2025\/09\/Picture1.png","width":300,"height":169},{"@type":"BreadcrumbList","@id":"https:\/\/www.oraka.com.tr\/en\/toki-hatay-antakya-construction-of-717-housing-units-123-commercial-units-and-33-storage-units\/#breadcrumb","itemListElement":[{"@type":"ListItem","position":1,"name":"Anasayfa","item":"https:\/\/www.oraka.com.tr\/en\/"},{"@type":"ListItem","position":2,"name":"TOK\u0130 Hatay Antakya Construction of 717 Housing Units 123 Commercial Units and 33 Storage Units"}]},{"@type":"WebSite","@id":"https:\/\/www.oraka.com.tr\/en\/#website","url":"https:\/\/www.oraka.com.tr\/en\/","name":"&#x1f449; Oraka Construction - Oraka Group of Companies","description":"","publisher":{"@id":"https:\/\/www.oraka.com.tr\/en\/#organization"},"potentialAction":[{"@type":"SearchAction","target":{"@type":"EntryPoint","urlTemplate":"https:\/\/www.oraka.com.tr\/en\/?s={search_term_string}"},"query-input":{"@type":"PropertyValueSpecification","valueRequired":true,"valueName":"search_term_string"}}],"inLanguage":"tr"},{"@type":"Organization","@id":"https:\/\/www.oraka.com.tr\/en\/#organization","name":"&#x1f449; Oraka Construction - Oraka Group of Companies","url":"https:\/\/www.oraka.com.tr\/en\/","logo":{"@type":"ImageObject","inLanguage":"tr","@id":"https:\/\/www.oraka.com.tr\/en\/#\/schema\/logo\/image\/","url":"https:\/\/www.oraka.com.tr\/en\/wp-content\/uploads\/2025\/10\/oraka-logo-1-e1759461827197.png","contentUrl":"https:\/\/www.oraka.com.tr\/en\/wp-content\/uploads\/2025\/10\/oraka-logo-1-e1759461827197.png","width":500,"height":309,"caption":"&#x1f449; Oraka Construction - Oraka Group of Companies"},"image":{"@id":"https:\/\/www.oraka.com.tr\/en\/#\/schema\/logo\/image\/"}}]}},"_links":{"self":[{"href":"https:\/\/www.oraka.com.tr\/en\/wp-json\/wp\/v2\/pages\/324","targetHints":{"allow":["GET"]}}],"collection":[{"href":"https:\/\/www.oraka.com.tr\/en\/wp-json\/wp\/v2\/pages"}],"about":[{"href":"https:\/\/www.oraka.com.tr\/en\/wp-json\/wp\/v2\/types\/page"}],"author":[{"embeddable":true,"href":"https:\/\/www.oraka.com.tr\/en\/wp-json\/wp\/v2\/users\/1"}],"replies":[{"embeddable":true,"href":"https:\/\/www.oraka.com.tr\/en\/wp-json\/wp\/v2\/comments?post=324"}],"version-history":[{"count":32,"href":"https:\/\/www.oraka.com.tr\/en\/wp-json\/wp\/v2\/pages\/324\/revisions"}],"predecessor-version":[{"id":1299,"href":"https:\/\/www.oraka.com.tr\/en\/wp-json\/wp\/v2\/pages\/324\/revisions\/1299"}],"wp:featuredmedia":[{"embeddable":true,"href":"https:\/\/www.oraka.com.tr\/en\/wp-json\/wp\/v2\/media\/46"}],"wp:attachment":[{"href":"https:\/\/www.oraka.com.tr\/en\/wp-json\/wp\/v2\/media?parent=324"}],"curies":[{"name":"wp","href":"https:\/\/api.w.org\/{rel}","templated":true}]}}