{"id":486,"date":"2025-09-09T12:53:51","date_gmt":"2025-09-09T12:53:51","guid":{"rendered":"https:\/\/www.oraka.com.tr\/en\/?page_id=486"},"modified":"2025-09-27T09:29:05","modified_gmt":"2025-09-27T09:29:05","slug":"jashari-5-block-residential-shell-construction","status":"publish","type":"page","link":"https:\/\/www.oraka.com.tr\/en\/jashari-5-block-residential-shell-construction\/","title":{"rendered":"Jashari 5-Block Residential Shell Construction"},"content":{"rendered":"\t\t<div data-elementor-type=\"wp-page\" data-elementor-id=\"486\" class=\"elementor elementor-486\" data-elementor-post-type=\"page\">\n\t\t\t\t<div class=\"elementor-element elementor-element-eb9fe2e e-flex e-con-boxed e-con e-parent\" data-id=\"eb9fe2e\" data-element_type=\"container\">\n\t\t\t\t\t<div class=\"e-con-inner\">\n\t\t<div class=\"elementor-element elementor-element-a514aa2 e-con-full e-flex e-con e-child\" data-id=\"a514aa2\" data-element_type=\"container\">\n\t\t\t\t<div class=\"elementor-element elementor-element-f138171 elementor-arrows-position-inside elementor-pagination-position-outside elementor-widget elementor-widget-image-carousel\" data-id=\"f138171\" data-element_type=\"widget\" data-settings=\"{&quot;slides_to_show&quot;:&quot;1&quot;,&quot;navigation&quot;:&quot;both&quot;,&quot;autoplay&quot;:&quot;yes&quot;,&quot;pause_on_hover&quot;:&quot;yes&quot;,&quot;pause_on_interaction&quot;:&quot;yes&quot;,&quot;autoplay_speed&quot;:5000,&quot;infinite&quot;:&quot;yes&quot;,&quot;effect&quot;:&quot;slide&quot;,&quot;speed&quot;:500}\" data-widget_type=\"image-carousel.default\">\n\t\t\t\t\t\t\t<div class=\"elementor-image-carousel-wrapper swiper\" role=\"region\" aria-roledescription=\"carousel\" aria-label=\"Resim D\u00f6ng\u00fcs\u00fc\" dir=\"ltr\">\n\t\t\t<div class=\"elementor-image-carousel swiper-wrapper\" aria-live=\"off\">\n\t\t\t\t\t\t\t\t<div class=\"swiper-slide\" role=\"group\" aria-roledescription=\"slide\" aria-label=\"1 \/ 1\"><figure class=\"swiper-slide-inner\"><img decoding=\"async\" class=\"swiper-slide-image\" src=\"https:\/\/www.oraka.com.tr\/en\/wp-content\/uploads\/2025\/09\/jashari-300x300.png\" alt=\"Jashari 5-Block Residential Shell Construction\" \/><\/figure><\/div>\t\t\t<\/div>\n\t\t\t\t\t<\/div>\n\t\t\t\t\t\t<\/div>\n\t\t\t\t<\/div>\n\t\t<div class=\"elementor-element elementor-element-569e963 e-con-full e-flex e-con e-child\" data-id=\"569e963\" data-element_type=\"container\">\n\t\t\t\t<div class=\"elementor-element elementor-element-be0337c elementor-widget elementor-widget-heading\" data-id=\"be0337c\" data-element_type=\"widget\" data-widget_type=\"heading.default\">\n\t\t\t\t\t<h2 class=\"elementor-heading-title elementor-size-default\">Jashari 5-Block Residential Shell Construction<\/h2>\t\t\t\t<\/div>\n\t\t<div class=\"elementor-element elementor-element-c4becaf e-con-full e-flex e-con e-child\" data-id=\"c4becaf\" data-element_type=\"container\">\n\t\t<div class=\"elementor-element elementor-element-8e2ad15 e-con-full e-flex e-con e-child\" data-id=\"8e2ad15\" data-element_type=\"container\">\n\t\t<div class=\"elementor-element elementor-element-0a954cc e-con-full e-flex e-con e-child\" data-id=\"0a954cc\" data-element_type=\"container\">\n\t\t\t\t<div class=\"elementor-element elementor-element-3ebba57 elementor-widget elementor-widget-heading\" data-id=\"3ebba57\" data-element_type=\"widget\" data-widget_type=\"heading.default\">\n\t\t\t\t\t<h2 class=\"elementor-heading-title elementor-size-default\">Location:<\/h2>\t\t\t\t<\/div>\n\t\t\t\t<\/div>\n\t\t<div class=\"elementor-element elementor-element-a29a692 e-con-full e-flex e-con e-child\" data-id=\"a29a692\" data-element_type=\"container\">\n\t\t\t\t<div class=\"elementor-element elementor-element-0672773 elementor-widget elementor-widget-heading\" data-id=\"0672773\" data-element_type=\"widget\" data-widget_type=\"heading.default\">\n\t\t\t\t\t<h2 class=\"elementor-heading-title elementor-size-default\">Regensburg<\/h2>\t\t\t\t<\/div>\n\t\t\t\t<\/div>\n\t\t\t\t<\/div>\n\t\t<div class=\"elementor-element elementor-element-8787f64 e-con-full e-flex e-con e-child\" data-id=\"8787f64\" data-element_type=\"container\">\n\t\t<div class=\"elementor-element elementor-element-a1975a4 e-con-full e-flex e-con e-child\" data-id=\"a1975a4\" data-element_type=\"container\">\n\t\t\t\t<div class=\"elementor-element elementor-element-3487fc2 elementor-widget elementor-widget-heading\" data-id=\"3487fc2\" data-element_type=\"widget\" data-widget_type=\"heading.default\">\n\t\t\t\t\t<h2 class=\"elementor-heading-title elementor-size-default\">Hiring Company:<\/h2>\t\t\t\t<\/div>\n\t\t\t\t<\/div>\n\t\t<div class=\"elementor-element elementor-element-45c2f3a e-con-full e-flex e-con e-child\" data-id=\"45c2f3a\" data-element_type=\"container\">\n\t\t\t\t<div class=\"elementor-element elementor-element-1dd738d elementor-widget elementor-widget-heading\" data-id=\"1dd738d\" data-element_type=\"widget\" data-widget_type=\"heading.default\">\n\t\t\t\t\t<h2 class=\"elementor-heading-title elementor-size-default\">Jashari Bau<\/h2>\t\t\t\t<\/div>\n\t\t\t\t<\/div>\n\t\t\t\t<\/div>\n\t\t<div class=\"elementor-element elementor-element-9860cd8 e-con-full e-flex e-con e-child\" data-id=\"9860cd8\" data-element_type=\"container\">\n\t\t<div class=\"elementor-element elementor-element-83de620 e-con-full e-flex e-con e-child\" data-id=\"83de620\" data-element_type=\"container\">\n\t\t\t\t<div class=\"elementor-element elementor-element-dfcecd8 elementor-widget elementor-widget-heading\" data-id=\"dfcecd8\" data-element_type=\"widget\" data-widget_type=\"heading.default\">\n\t\t\t\t\t<h2 class=\"elementor-heading-title elementor-size-default\">Construction Area:<\/h2>\t\t\t\t<\/div>\n\t\t\t\t<\/div>\n\t\t<div class=\"elementor-element elementor-element-008d0cb e-con-full e-flex e-con e-child\" data-id=\"008d0cb\" data-element_type=\"container\">\n\t\t\t\t<div class=\"elementor-element elementor-element-25dc49f elementor-widget elementor-widget-heading\" data-id=\"25dc49f\" data-element_type=\"widget\" data-widget_type=\"heading.default\">\n\t\t\t\t\t<h2 class=\"elementor-heading-title elementor-size-default\">9.400 m\u00b2<\/h2>\t\t\t\t<\/div>\n\t\t\t\t<\/div>\n\t\t\t\t<\/div>\n\t\t<div class=\"elementor-element elementor-element-c43d0fc e-con-full e-flex e-con e-child\" data-id=\"c43d0fc\" data-element_type=\"container\">\n\t\t<div class=\"elementor-element elementor-element-0d9595d e-con-full e-flex e-con e-child\" data-id=\"0d9595d\" data-element_type=\"container\">\n\t\t\t\t<div class=\"elementor-element elementor-element-d700443 elementor-widget elementor-widget-heading\" data-id=\"d700443\" data-element_type=\"widget\" data-widget_type=\"heading.default\">\n\t\t\t\t\t<h2 class=\"elementor-heading-title elementor-size-default\">Completion of Work:<\/h2>\t\t\t\t<\/div>\n\t\t\t\t<\/div>\n\t\t<div class=\"elementor-element elementor-element-4f0f9c1 e-con-full e-flex e-con e-child\" data-id=\"4f0f9c1\" data-element_type=\"container\">\n\t\t\t\t<div class=\"elementor-element elementor-element-00f0062 elementor-widget elementor-widget-heading\" data-id=\"00f0062\" data-element_type=\"widget\" data-widget_type=\"heading.default\">\n\t\t\t\t\t<h2 class=\"elementor-heading-title elementor-size-default\">28.02.2024<\/h2>\t\t\t\t<\/div>\n\t\t\t\t<\/div>\n\t\t\t\t<\/div>\n\t\t\t\t<\/div>\n\t\t\t\t<\/div>\n\t\t\t\t\t<\/div>\n\t\t\t\t<\/div>\n\t\t\t\t<\/div>\n\t\t","protected":false},"excerpt":{"rendered":"<p>Jashari 5-Block Residential Shell Construction Location: Regensburg Hiring Company: Jashari Bau Construction Area: 9.400 m\u00b2 Completion of Work: 28.02.2024<\/p>\n","protected":false},"author":1,"featured_media":194,"parent":0,"menu_order":0,"comment_status":"closed","ping_status":"closed","template":"","meta":{"footnotes":""},"class_list":["post-486","page","type-page","status-publish","has-post-thumbnail","hentry"],"yoast_head":"<!-- This site is optimized with the Yoast SEO Premium plugin v25.6 (Yoast SEO v26.0) - https:\/\/yoast.com\/wordpress\/plugins\/seo\/ -->\n<title>Jashari 5-Block Residential Shell Construction - &#x1f449; Oraka Construction - Oraka Group of Companies<\/title>\n<meta name=\"robots\" content=\"index, follow, max-snippet:-1, max-image-preview:large, max-video-preview:-1\" \/>\n<link rel=\"canonical\" href=\"https:\/\/www.oraka.com.tr\/en\/jashari-5-block-residential-shell-construction\/\" \/>\n<meta property=\"og:locale\" content=\"tr_TR\" \/>\n<meta property=\"og:type\" content=\"article\" \/>\n<meta property=\"og:title\" content=\"Jashari 5-Block Residential Shell Construction\" \/>\n<meta property=\"og:description\" content=\"Jashari 5-Block Residential Shell Construction Location: Regensburg Hiring Company: Jashari Bau Construction Area: 9.400 m\u00b2 Completion of Work: 28.02.2024\" \/>\n<meta property=\"og:url\" content=\"https:\/\/www.oraka.com.tr\/en\/jashari-5-block-residential-shell-construction\/\" \/>\n<meta property=\"og:site_name\" content=\"&#x1f449; Oraka Construction - Oraka Group of Companies\" \/>\n<meta property=\"article:modified_time\" content=\"2025-09-27T09:29:05+00:00\" \/>\n<meta property=\"og:image\" content=\"https:\/\/www.oraka.com.tr\/en\/wp-content\/uploads\/2025\/09\/Jashari-5-Blok-Konut-Kaba-Insaati.png\" \/>\n\t<meta property=\"og:image:width\" content=\"225\" \/>\n\t<meta property=\"og:image:height\" content=\"300\" \/>\n\t<meta property=\"og:image:type\" content=\"image\/png\" \/>\n<meta name=\"twitter:card\" content=\"summary_large_image\" \/>\n<meta name=\"twitter:label1\" content=\"Tahmini okuma s\u00fcresi\" \/>\n\t<meta name=\"twitter:data1\" content=\"1 dakika\" \/>\n<script type=\"application\/ld+json\" class=\"yoast-schema-graph\">{\"@context\":\"https:\/\/schema.org\",\"@graph\":[{\"@type\":\"WebPage\",\"@id\":\"https:\/\/www.oraka.com.tr\/en\/jashari-5-block-residential-shell-construction\/\",\"url\":\"https:\/\/www.oraka.com.tr\/en\/jashari-5-block-residential-shell-construction\/\",\"name\":\"Jashari 5-Block Residential Shell Construction - &#x1f449; Oraka Construction - Oraka Group of Companies\",\"isPartOf\":{\"@id\":\"https:\/\/www.oraka.com.tr\/en\/#website\"},\"primaryImageOfPage\":{\"@id\":\"https:\/\/www.oraka.com.tr\/en\/jashari-5-block-residential-shell-construction\/#primaryimage\"},\"image\":{\"@id\":\"https:\/\/www.oraka.com.tr\/en\/jashari-5-block-residential-shell-construction\/#primaryimage\"},\"thumbnailUrl\":\"https:\/\/www.oraka.com.tr\/en\/wp-content\/uploads\/2025\/09\/Jashari-5-Blok-Konut-Kaba-Insaati.png\",\"datePublished\":\"2025-09-09T12:53:51+00:00\",\"dateModified\":\"2025-09-27T09:29:05+00:00\",\"breadcrumb\":{\"@id\":\"https:\/\/www.oraka.com.tr\/en\/jashari-5-block-residential-shell-construction\/#breadcrumb\"},\"inLanguage\":\"tr\",\"potentialAction\":[{\"@type\":\"ReadAction\",\"target\":[\"https:\/\/www.oraka.com.tr\/en\/jashari-5-block-residential-shell-construction\/\"]}]},{\"@type\":\"ImageObject\",\"inLanguage\":\"tr\",\"@id\":\"https:\/\/www.oraka.com.tr\/en\/jashari-5-block-residential-shell-construction\/#primaryimage\",\"url\":\"https:\/\/www.oraka.com.tr\/en\/wp-content\/uploads\/2025\/09\/Jashari-5-Blok-Konut-Kaba-Insaati.png\",\"contentUrl\":\"https:\/\/www.oraka.com.tr\/en\/wp-content\/uploads\/2025\/09\/Jashari-5-Blok-Konut-Kaba-Insaati.png\",\"width\":225,\"height\":300},{\"@type\":\"BreadcrumbList\",\"@id\":\"https:\/\/www.oraka.com.tr\/en\/jashari-5-block-residential-shell-construction\/#breadcrumb\",\"itemListElement\":[{\"@type\":\"ListItem\",\"position\":1,\"name\":\"Anasayfa\",\"item\":\"https:\/\/www.oraka.com.tr\/en\/\"},{\"@type\":\"ListItem\",\"position\":2,\"name\":\"Jashari 5-Block Residential Shell Construction\"}]},{\"@type\":\"WebSite\",\"@id\":\"https:\/\/www.oraka.com.tr\/en\/#website\",\"url\":\"https:\/\/www.oraka.com.tr\/en\/\",\"name\":\"&#x1f449; Oraka Construction - Oraka Group of Companies\",\"description\":\"\",\"publisher\":{\"@id\":\"https:\/\/www.oraka.com.tr\/en\/#organization\"},\"potentialAction\":[{\"@type\":\"SearchAction\",\"target\":{\"@type\":\"EntryPoint\",\"urlTemplate\":\"https:\/\/www.oraka.com.tr\/en\/?s={search_term_string}\"},\"query-input\":{\"@type\":\"PropertyValueSpecification\",\"valueRequired\":true,\"valueName\":\"search_term_string\"}}],\"inLanguage\":\"tr\"},{\"@type\":\"Organization\",\"@id\":\"https:\/\/www.oraka.com.tr\/en\/#organization\",\"name\":\"&#x1f449; Oraka Construction - Oraka Group of Companies\",\"url\":\"https:\/\/www.oraka.com.tr\/en\/\",\"logo\":{\"@type\":\"ImageObject\",\"inLanguage\":\"tr\",\"@id\":\"https:\/\/www.oraka.com.tr\/en\/#\/schema\/logo\/image\/\",\"url\":\"https:\/\/www.oraka.com.tr\/en\/wp-content\/uploads\/2025\/10\/oraka-logo-1-e1759461827197.png\",\"contentUrl\":\"https:\/\/www.oraka.com.tr\/en\/wp-content\/uploads\/2025\/10\/oraka-logo-1-e1759461827197.png\",\"width\":500,\"height\":309,\"caption\":\"&#x1f449; Oraka Construction - Oraka Group of Companies\"},\"image\":{\"@id\":\"https:\/\/www.oraka.com.tr\/en\/#\/schema\/logo\/image\/\"}}]}<\/script>\n<!-- \/ Yoast SEO Premium plugin. -->","yoast_head_json":{"title":"Jashari 5-Block Residential Shell Construction - &#x1f449; Oraka Construction - Oraka Group of Companies","robots":{"index":"index","follow":"follow","max-snippet":"max-snippet:-1","max-image-preview":"max-image-preview:large","max-video-preview":"max-video-preview:-1"},"canonical":"https:\/\/www.oraka.com.tr\/en\/jashari-5-block-residential-shell-construction\/","og_locale":"tr_TR","og_type":"article","og_title":"Jashari 5-Block Residential Shell Construction","og_description":"Jashari 5-Block Residential Shell Construction Location: Regensburg Hiring Company: Jashari Bau Construction Area: 9.400 m\u00b2 Completion of Work: 28.02.2024","og_url":"https:\/\/www.oraka.com.tr\/en\/jashari-5-block-residential-shell-construction\/","og_site_name":"&#x1f449; Oraka Construction - Oraka Group of Companies","article_modified_time":"2025-09-27T09:29:05+00:00","og_image":[{"width":225,"height":300,"url":"https:\/\/www.oraka.com.tr\/en\/wp-content\/uploads\/2025\/09\/Jashari-5-Blok-Konut-Kaba-Insaati.png","type":"image\/png"}],"twitter_card":"summary_large_image","twitter_misc":{"Tahmini okuma s\u00fcresi":"1 dakika"},"schema":{"@context":"https:\/\/schema.org","@graph":[{"@type":"WebPage","@id":"https:\/\/www.oraka.com.tr\/en\/jashari-5-block-residential-shell-construction\/","url":"https:\/\/www.oraka.com.tr\/en\/jashari-5-block-residential-shell-construction\/","name":"Jashari 5-Block Residential Shell Construction - &#x1f449; Oraka Construction - Oraka Group of Companies","isPartOf":{"@id":"https:\/\/www.oraka.com.tr\/en\/#website"},"primaryImageOfPage":{"@id":"https:\/\/www.oraka.com.tr\/en\/jashari-5-block-residential-shell-construction\/#primaryimage"},"image":{"@id":"https:\/\/www.oraka.com.tr\/en\/jashari-5-block-residential-shell-construction\/#primaryimage"},"thumbnailUrl":"https:\/\/www.oraka.com.tr\/en\/wp-content\/uploads\/2025\/09\/Jashari-5-Blok-Konut-Kaba-Insaati.png","datePublished":"2025-09-09T12:53:51+00:00","dateModified":"2025-09-27T09:29:05+00:00","breadcrumb":{"@id":"https:\/\/www.oraka.com.tr\/en\/jashari-5-block-residential-shell-construction\/#breadcrumb"},"inLanguage":"tr","potentialAction":[{"@type":"ReadAction","target":["https:\/\/www.oraka.com.tr\/en\/jashari-5-block-residential-shell-construction\/"]}]},{"@type":"ImageObject","inLanguage":"tr","@id":"https:\/\/www.oraka.com.tr\/en\/jashari-5-block-residential-shell-construction\/#primaryimage","url":"https:\/\/www.oraka.com.tr\/en\/wp-content\/uploads\/2025\/09\/Jashari-5-Blok-Konut-Kaba-Insaati.png","contentUrl":"https:\/\/www.oraka.com.tr\/en\/wp-content\/uploads\/2025\/09\/Jashari-5-Blok-Konut-Kaba-Insaati.png","width":225,"height":300},{"@type":"BreadcrumbList","@id":"https:\/\/www.oraka.com.tr\/en\/jashari-5-block-residential-shell-construction\/#breadcrumb","itemListElement":[{"@type":"ListItem","position":1,"name":"Anasayfa","item":"https:\/\/www.oraka.com.tr\/en\/"},{"@type":"ListItem","position":2,"name":"Jashari 5-Block Residential Shell Construction"}]},{"@type":"WebSite","@id":"https:\/\/www.oraka.com.tr\/en\/#website","url":"https:\/\/www.oraka.com.tr\/en\/","name":"&#x1f449; Oraka Construction - Oraka Group of Companies","description":"","publisher":{"@id":"https:\/\/www.oraka.com.tr\/en\/#organization"},"potentialAction":[{"@type":"SearchAction","target":{"@type":"EntryPoint","urlTemplate":"https:\/\/www.oraka.com.tr\/en\/?s={search_term_string}"},"query-input":{"@type":"PropertyValueSpecification","valueRequired":true,"valueName":"search_term_string"}}],"inLanguage":"tr"},{"@type":"Organization","@id":"https:\/\/www.oraka.com.tr\/en\/#organization","name":"&#x1f449; Oraka Construction - Oraka Group of Companies","url":"https:\/\/www.oraka.com.tr\/en\/","logo":{"@type":"ImageObject","inLanguage":"tr","@id":"https:\/\/www.oraka.com.tr\/en\/#\/schema\/logo\/image\/","url":"https:\/\/www.oraka.com.tr\/en\/wp-content\/uploads\/2025\/10\/oraka-logo-1-e1759461827197.png","contentUrl":"https:\/\/www.oraka.com.tr\/en\/wp-content\/uploads\/2025\/10\/oraka-logo-1-e1759461827197.png","width":500,"height":309,"caption":"&#x1f449; Oraka Construction - Oraka Group of Companies"},"image":{"@id":"https:\/\/www.oraka.com.tr\/en\/#\/schema\/logo\/image\/"}}]}},"_links":{"self":[{"href":"https:\/\/www.oraka.com.tr\/en\/wp-json\/wp\/v2\/pages\/486","targetHints":{"allow":["GET"]}}],"collection":[{"href":"https:\/\/www.oraka.com.tr\/en\/wp-json\/wp\/v2\/pages"}],"about":[{"href":"https:\/\/www.oraka.com.tr\/en\/wp-json\/wp\/v2\/types\/page"}],"author":[{"embeddable":true,"href":"https:\/\/www.oraka.com.tr\/en\/wp-json\/wp\/v2\/users\/1"}],"replies":[{"embeddable":true,"href":"https:\/\/www.oraka.com.tr\/en\/wp-json\/wp\/v2\/comments?post=486"}],"version-history":[{"count":11,"href":"https:\/\/www.oraka.com.tr\/en\/wp-json\/wp\/v2\/pages\/486\/revisions"}],"predecessor-version":[{"id":1235,"href":"https:\/\/www.oraka.com.tr\/en\/wp-json\/wp\/v2\/pages\/486\/revisions\/1235"}],"wp:featuredmedia":[{"embeddable":true,"href":"https:\/\/www.oraka.com.tr\/en\/wp-json\/wp\/v2\/media\/194"}],"wp:attachment":[{"href":"https:\/\/www.oraka.com.tr\/en\/wp-json\/wp\/v2\/media?parent=486"}],"curies":[{"name":"wp","href":"https:\/\/api.w.org\/{rel}","templated":true}]}}