{"id":713,"date":"2025-09-11T12:06:45","date_gmt":"2025-09-11T12:06:45","guid":{"rendered":"https:\/\/www.oraka.com.tr\/en\/?page_id=713"},"modified":"2025-09-27T09:24:09","modified_gmt":"2025-09-27T09:24:09","slug":"construction","status":"publish","type":"page","link":"https:\/\/www.oraka.com.tr\/en\/construction\/","title":{"rendered":"Construction"},"content":{"rendered":"\t\t<div data-elementor-type=\"wp-page\" data-elementor-id=\"713\" class=\"elementor elementor-713\" data-elementor-post-type=\"page\">\n\t\t\t\t<div class=\"elementor-element elementor-element-19afc7a e-flex e-con-boxed e-con e-parent\" data-id=\"19afc7a\" data-element_type=\"container\">\n\t\t\t\t\t<div class=\"e-con-inner\">\n\t\t<div class=\"elementor-element elementor-element-fda4b09 e-con-full e-flex e-con e-child\" data-id=\"fda4b09\" data-element_type=\"container\">\n\t\t\t\t<div class=\"elementor-element elementor-element-bbf826e elementor-widget elementor-widget-image\" data-id=\"bbf826e\" data-element_type=\"widget\" data-widget_type=\"image.default\">\n\t\t\t\t\t\t\t\t\t\t\t\t\t\t\t<img fetchpriority=\"high\" decoding=\"async\" width=\"500\" height=\"500\" src=\"https:\/\/www.oraka.com.tr\/en\/wp-content\/uploads\/2025\/09\/Birkac-satir-govde-metni-ekle-18.png\" class=\"attachment-large size-large wp-image-138\" alt=\"\" srcset=\"https:\/\/www.oraka.com.tr\/en\/wp-content\/uploads\/2025\/09\/Birkac-satir-govde-metni-ekle-18.png 500w, https:\/\/www.oraka.com.tr\/en\/wp-content\/uploads\/2025\/09\/Birkac-satir-govde-metni-ekle-18-300x300.png 300w, https:\/\/www.oraka.com.tr\/en\/wp-content\/uploads\/2025\/09\/Birkac-satir-govde-metni-ekle-18-150x150.png 150w\" sizes=\"(max-width: 500px) 100vw, 500px\" \/>\t\t\t\t\t\t\t\t\t\t\t\t\t\t\t<\/div>\n\t\t\t\t<\/div>\n\t\t<div class=\"elementor-element elementor-element-45e4c74 e-con-full e-flex e-con e-child\" data-id=\"45e4c74\" data-element_type=\"container\">\n\t\t\t\t<div class=\"elementor-element elementor-element-ee0d818 elementor-widget elementor-widget-text-editor\" data-id=\"ee0d818\" data-element_type=\"widget\" data-widget_type=\"text-editor.default\">\n\t\t\t\t\t\t\t\t\t<p data-start=\"65\" data-end=\"550\">Oraka \u0130n\u015faat Taah. G\u0131da San. ve Tic. Ltd. \u015eti., the pilot company of the Oraka Group of Companies, operates in the general contracting sector. The process, which began in 1997 with small-scale contracts, has evolved to include residential and public sector buildings, military and industrial facilities, as well as specialized and high-quality construction projects both domestically and abroad. To date, the company has achieved an approximate construction capacity of 1 million m\u00b2.<\/p>\t\t\t\t\t\t\t\t<\/div>\n\t\t\t\t<\/div>\n\t\t\t\t\t<\/div>\n\t\t\t\t<\/div>\n\t\t\t\t<\/div>\n\t\t","protected":false},"excerpt":{"rendered":"<p>Oraka \u0130n\u015faat Taah. G\u0131da San. ve Tic. Ltd. \u015eti., the pilot company of the Oraka Group of Companies, operates in the general contracting sector. The process, which began in 1997 with small-scale contracts, has evolved to include residential and public sector buildings, military and industrial facilities, as well as specialized and high-quality construction projects both [&hellip;]<\/p>\n","protected":false},"author":1,"featured_media":138,"parent":0,"menu_order":0,"comment_status":"closed","ping_status":"closed","template":"","meta":{"footnotes":""},"class_list":["post-713","page","type-page","status-publish","has-post-thumbnail","hentry"],"yoast_head":"<!-- This site is optimized with the Yoast SEO Premium plugin v25.6 (Yoast SEO v26.0) - https:\/\/yoast.com\/wordpress\/plugins\/seo\/ -->\n<title>Construction - &#x1f449; Oraka Construction - Oraka Group of Companies<\/title>\n<meta name=\"robots\" content=\"index, follow, max-snippet:-1, max-image-preview:large, max-video-preview:-1\" \/>\n<link rel=\"canonical\" href=\"https:\/\/www.oraka.com.tr\/en\/construction\/\" \/>\n<meta property=\"og:locale\" content=\"tr_TR\" \/>\n<meta property=\"og:type\" content=\"article\" \/>\n<meta property=\"og:title\" content=\"Construction\" \/>\n<meta property=\"og:description\" content=\"Oraka \u0130n\u015faat Taah. G\u0131da San. ve Tic. Ltd. \u015eti., the pilot company of the Oraka Group of Companies, operates in the general contracting sector. The process, which began in 1997 with small-scale contracts, has evolved to include residential and public sector buildings, military and industrial facilities, as well as specialized and high-quality construction projects both [&hellip;]\" \/>\n<meta property=\"og:url\" content=\"https:\/\/www.oraka.com.tr\/en\/construction\/\" \/>\n<meta property=\"og:site_name\" content=\"&#x1f449; Oraka Construction - Oraka Group of Companies\" \/>\n<meta property=\"article:modified_time\" content=\"2025-09-27T09:24:09+00:00\" \/>\n<meta property=\"og:image\" content=\"https:\/\/www.oraka.com.tr\/en\/wp-content\/uploads\/2025\/09\/Birkac-satir-govde-metni-ekle-18.png\" \/>\n\t<meta property=\"og:image:width\" content=\"500\" \/>\n\t<meta property=\"og:image:height\" content=\"500\" \/>\n\t<meta property=\"og:image:type\" content=\"image\/png\" \/>\n<meta name=\"twitter:card\" content=\"summary_large_image\" \/>\n<meta name=\"twitter:label1\" content=\"Tahmini okuma s\u00fcresi\" \/>\n\t<meta name=\"twitter:data1\" content=\"1 dakika\" \/>\n<script type=\"application\/ld+json\" class=\"yoast-schema-graph\">{\"@context\":\"https:\/\/schema.org\",\"@graph\":[{\"@type\":\"WebPage\",\"@id\":\"https:\/\/www.oraka.com.tr\/en\/construction\/\",\"url\":\"https:\/\/www.oraka.com.tr\/en\/construction\/\",\"name\":\"Construction - &#x1f449; Oraka Construction - Oraka Group of Companies\",\"isPartOf\":{\"@id\":\"https:\/\/www.oraka.com.tr\/en\/#website\"},\"primaryImageOfPage\":{\"@id\":\"https:\/\/www.oraka.com.tr\/en\/construction\/#primaryimage\"},\"image\":{\"@id\":\"https:\/\/www.oraka.com.tr\/en\/construction\/#primaryimage\"},\"thumbnailUrl\":\"https:\/\/www.oraka.com.tr\/en\/wp-content\/uploads\/2025\/09\/Birkac-satir-govde-metni-ekle-18.png\",\"datePublished\":\"2025-09-11T12:06:45+00:00\",\"dateModified\":\"2025-09-27T09:24:09+00:00\",\"breadcrumb\":{\"@id\":\"https:\/\/www.oraka.com.tr\/en\/construction\/#breadcrumb\"},\"inLanguage\":\"tr\",\"potentialAction\":[{\"@type\":\"ReadAction\",\"target\":[\"https:\/\/www.oraka.com.tr\/en\/construction\/\"]}]},{\"@type\":\"ImageObject\",\"inLanguage\":\"tr\",\"@id\":\"https:\/\/www.oraka.com.tr\/en\/construction\/#primaryimage\",\"url\":\"https:\/\/www.oraka.com.tr\/en\/wp-content\/uploads\/2025\/09\/Birkac-satir-govde-metni-ekle-18.png\",\"contentUrl\":\"https:\/\/www.oraka.com.tr\/en\/wp-content\/uploads\/2025\/09\/Birkac-satir-govde-metni-ekle-18.png\",\"width\":500,\"height\":500},{\"@type\":\"BreadcrumbList\",\"@id\":\"https:\/\/www.oraka.com.tr\/en\/construction\/#breadcrumb\",\"itemListElement\":[{\"@type\":\"ListItem\",\"position\":1,\"name\":\"Anasayfa\",\"item\":\"https:\/\/www.oraka.com.tr\/en\/\"},{\"@type\":\"ListItem\",\"position\":2,\"name\":\"Construction\"}]},{\"@type\":\"WebSite\",\"@id\":\"https:\/\/www.oraka.com.tr\/en\/#website\",\"url\":\"https:\/\/www.oraka.com.tr\/en\/\",\"name\":\"&#x1f449; Oraka Construction - Oraka Group of Companies\",\"description\":\"\",\"publisher\":{\"@id\":\"https:\/\/www.oraka.com.tr\/en\/#organization\"},\"potentialAction\":[{\"@type\":\"SearchAction\",\"target\":{\"@type\":\"EntryPoint\",\"urlTemplate\":\"https:\/\/www.oraka.com.tr\/en\/?s={search_term_string}\"},\"query-input\":{\"@type\":\"PropertyValueSpecification\",\"valueRequired\":true,\"valueName\":\"search_term_string\"}}],\"inLanguage\":\"tr\"},{\"@type\":\"Organization\",\"@id\":\"https:\/\/www.oraka.com.tr\/en\/#organization\",\"name\":\"&#x1f449; Oraka Construction - Oraka Group of Companies\",\"url\":\"https:\/\/www.oraka.com.tr\/en\/\",\"logo\":{\"@type\":\"ImageObject\",\"inLanguage\":\"tr\",\"@id\":\"https:\/\/www.oraka.com.tr\/en\/#\/schema\/logo\/image\/\",\"url\":\"https:\/\/www.oraka.com.tr\/en\/wp-content\/uploads\/2025\/10\/oraka-logo-1-e1759461827197.png\",\"contentUrl\":\"https:\/\/www.oraka.com.tr\/en\/wp-content\/uploads\/2025\/10\/oraka-logo-1-e1759461827197.png\",\"width\":500,\"height\":309,\"caption\":\"&#x1f449; Oraka Construction - Oraka Group of Companies\"},\"image\":{\"@id\":\"https:\/\/www.oraka.com.tr\/en\/#\/schema\/logo\/image\/\"}}]}<\/script>\n<!-- \/ Yoast SEO Premium plugin. -->","yoast_head_json":{"title":"Construction - &#x1f449; Oraka Construction - Oraka Group of Companies","robots":{"index":"index","follow":"follow","max-snippet":"max-snippet:-1","max-image-preview":"max-image-preview:large","max-video-preview":"max-video-preview:-1"},"canonical":"https:\/\/www.oraka.com.tr\/en\/construction\/","og_locale":"tr_TR","og_type":"article","og_title":"Construction","og_description":"Oraka \u0130n\u015faat Taah. G\u0131da San. ve Tic. Ltd. \u015eti., the pilot company of the Oraka Group of Companies, operates in the general contracting sector. The process, which began in 1997 with small-scale contracts, has evolved to include residential and public sector buildings, military and industrial facilities, as well as specialized and high-quality construction projects both [&hellip;]","og_url":"https:\/\/www.oraka.com.tr\/en\/construction\/","og_site_name":"&#x1f449; Oraka Construction - Oraka Group of Companies","article_modified_time":"2025-09-27T09:24:09+00:00","og_image":[{"width":500,"height":500,"url":"https:\/\/www.oraka.com.tr\/en\/wp-content\/uploads\/2025\/09\/Birkac-satir-govde-metni-ekle-18.png","type":"image\/png"}],"twitter_card":"summary_large_image","twitter_misc":{"Tahmini okuma s\u00fcresi":"1 dakika"},"schema":{"@context":"https:\/\/schema.org","@graph":[{"@type":"WebPage","@id":"https:\/\/www.oraka.com.tr\/en\/construction\/","url":"https:\/\/www.oraka.com.tr\/en\/construction\/","name":"Construction - &#x1f449; Oraka Construction - Oraka Group of Companies","isPartOf":{"@id":"https:\/\/www.oraka.com.tr\/en\/#website"},"primaryImageOfPage":{"@id":"https:\/\/www.oraka.com.tr\/en\/construction\/#primaryimage"},"image":{"@id":"https:\/\/www.oraka.com.tr\/en\/construction\/#primaryimage"},"thumbnailUrl":"https:\/\/www.oraka.com.tr\/en\/wp-content\/uploads\/2025\/09\/Birkac-satir-govde-metni-ekle-18.png","datePublished":"2025-09-11T12:06:45+00:00","dateModified":"2025-09-27T09:24:09+00:00","breadcrumb":{"@id":"https:\/\/www.oraka.com.tr\/en\/construction\/#breadcrumb"},"inLanguage":"tr","potentialAction":[{"@type":"ReadAction","target":["https:\/\/www.oraka.com.tr\/en\/construction\/"]}]},{"@type":"ImageObject","inLanguage":"tr","@id":"https:\/\/www.oraka.com.tr\/en\/construction\/#primaryimage","url":"https:\/\/www.oraka.com.tr\/en\/wp-content\/uploads\/2025\/09\/Birkac-satir-govde-metni-ekle-18.png","contentUrl":"https:\/\/www.oraka.com.tr\/en\/wp-content\/uploads\/2025\/09\/Birkac-satir-govde-metni-ekle-18.png","width":500,"height":500},{"@type":"BreadcrumbList","@id":"https:\/\/www.oraka.com.tr\/en\/construction\/#breadcrumb","itemListElement":[{"@type":"ListItem","position":1,"name":"Anasayfa","item":"https:\/\/www.oraka.com.tr\/en\/"},{"@type":"ListItem","position":2,"name":"Construction"}]},{"@type":"WebSite","@id":"https:\/\/www.oraka.com.tr\/en\/#website","url":"https:\/\/www.oraka.com.tr\/en\/","name":"&#x1f449; Oraka Construction - Oraka Group of Companies","description":"","publisher":{"@id":"https:\/\/www.oraka.com.tr\/en\/#organization"},"potentialAction":[{"@type":"SearchAction","target":{"@type":"EntryPoint","urlTemplate":"https:\/\/www.oraka.com.tr\/en\/?s={search_term_string}"},"query-input":{"@type":"PropertyValueSpecification","valueRequired":true,"valueName":"search_term_string"}}],"inLanguage":"tr"},{"@type":"Organization","@id":"https:\/\/www.oraka.com.tr\/en\/#organization","name":"&#x1f449; Oraka Construction - Oraka Group of Companies","url":"https:\/\/www.oraka.com.tr\/en\/","logo":{"@type":"ImageObject","inLanguage":"tr","@id":"https:\/\/www.oraka.com.tr\/en\/#\/schema\/logo\/image\/","url":"https:\/\/www.oraka.com.tr\/en\/wp-content\/uploads\/2025\/10\/oraka-logo-1-e1759461827197.png","contentUrl":"https:\/\/www.oraka.com.tr\/en\/wp-content\/uploads\/2025\/10\/oraka-logo-1-e1759461827197.png","width":500,"height":309,"caption":"&#x1f449; Oraka Construction - Oraka Group of Companies"},"image":{"@id":"https:\/\/www.oraka.com.tr\/en\/#\/schema\/logo\/image\/"}}]}},"_links":{"self":[{"href":"https:\/\/www.oraka.com.tr\/en\/wp-json\/wp\/v2\/pages\/713","targetHints":{"allow":["GET"]}}],"collection":[{"href":"https:\/\/www.oraka.com.tr\/en\/wp-json\/wp\/v2\/pages"}],"about":[{"href":"https:\/\/www.oraka.com.tr\/en\/wp-json\/wp\/v2\/types\/page"}],"author":[{"embeddable":true,"href":"https:\/\/www.oraka.com.tr\/en\/wp-json\/wp\/v2\/users\/1"}],"replies":[{"embeddable":true,"href":"https:\/\/www.oraka.com.tr\/en\/wp-json\/wp\/v2\/comments?post=713"}],"version-history":[{"count":14,"href":"https:\/\/www.oraka.com.tr\/en\/wp-json\/wp\/v2\/pages\/713\/revisions"}],"predecessor-version":[{"id":1225,"href":"https:\/\/www.oraka.com.tr\/en\/wp-json\/wp\/v2\/pages\/713\/revisions\/1225"}],"wp:featuredmedia":[{"embeddable":true,"href":"https:\/\/www.oraka.com.tr\/en\/wp-json\/wp\/v2\/media\/138"}],"wp:attachment":[{"href":"https:\/\/www.oraka.com.tr\/en\/wp-json\/wp\/v2\/media?parent=713"}],"curies":[{"name":"wp","href":"https:\/\/api.w.org\/{rel}","templated":true}]}}