{"id":726,"date":"2025-09-11T12:14:14","date_gmt":"2025-09-11T12:14:14","guid":{"rendered":"https:\/\/www.oraka.com.tr\/en\/?page_id=726"},"modified":"2025-09-27T08:25:04","modified_gmt":"2025-09-27T08:25:04","slug":"energy","status":"publish","type":"page","link":"https:\/\/www.oraka.com.tr\/en\/energy\/","title":{"rendered":"Energy"},"content":{"rendered":"\t\t<div data-elementor-type=\"wp-page\" data-elementor-id=\"726\" class=\"elementor elementor-726\" data-elementor-post-type=\"page\">\n\t\t\t\t<div class=\"elementor-element elementor-element-19afc7a e-flex e-con-boxed e-con e-parent\" data-id=\"19afc7a\" data-element_type=\"container\">\n\t\t\t\t\t<div class=\"e-con-inner\">\n\t\t<div class=\"elementor-element elementor-element-45e4c74 e-con-full e-flex e-con e-child\" data-id=\"45e4c74\" data-element_type=\"container\">\n\t\t\t\t<div class=\"elementor-element elementor-element-ee0d818 elementor-widget elementor-widget-text-editor\" data-id=\"ee0d818\" data-element_type=\"widget\" data-widget_type=\"text-editor.default\">\n\t\t\t\t\t\t\t\t\t<p data-start=\"65\" data-end=\"372\">As Oraka Group of Companies, we continue to invest in the energy sector. Primarily focused on solar power plants, we have commissioned a total of 10 unlicensed solar power projects with an installed capacity of 18 MW over the past four years, contributing to the national economy through renewable energy.<\/p><p data-start=\"374\" data-end=\"505\">Additionally, a licensed solar power project with an installed capacity of 5 MW is planned to be commissioned in the coming days.<\/p>\t\t\t\t\t\t\t\t<\/div>\n\t\t\t\t<\/div>\n\t\t\t\t\t<\/div>\n\t\t\t\t<\/div>\n\t\t<div class=\"elementor-element elementor-element-c3c6e43 e-flex e-con-boxed e-con e-parent\" data-id=\"c3c6e43\" data-element_type=\"container\">\n\t\t\t\t\t<div class=\"e-con-inner\">\n\t\t<div class=\"elementor-element elementor-element-d34a932 e-con-full e-flex e-con e-child\" data-id=\"d34a932\" data-element_type=\"container\">\n\t\t\t\t<div class=\"elementor-element elementor-element-54f6b0f elementor-widget elementor-widget-image\" data-id=\"54f6b0f\" data-element_type=\"widget\" data-widget_type=\"image.default\">\n\t\t\t\t\t\t\t\t\t\t\t\t\t\t\t<img fetchpriority=\"high\" decoding=\"async\" width=\"300\" height=\"300\" src=\"https:\/\/www.oraka.com.tr\/en\/wp-content\/uploads\/2025\/09\/Sivrihisarda-bulunan-Galyum-1.148-Mw-ve-Oraka-1.148-Mw-Gunes-Santrallerimiz-300x300.png\" class=\"attachment-medium size-medium wp-image-736\" alt=\"\" srcset=\"https:\/\/www.oraka.com.tr\/en\/wp-content\/uploads\/2025\/09\/Sivrihisarda-bulunan-Galyum-1.148-Mw-ve-Oraka-1.148-Mw-Gunes-Santrallerimiz-300x300.png 300w, https:\/\/www.oraka.com.tr\/en\/wp-content\/uploads\/2025\/09\/Sivrihisarda-bulunan-Galyum-1.148-Mw-ve-Oraka-1.148-Mw-Gunes-Santrallerimiz-150x150.png 150w, https:\/\/www.oraka.com.tr\/en\/wp-content\/uploads\/2025\/09\/Sivrihisarda-bulunan-Galyum-1.148-Mw-ve-Oraka-1.148-Mw-Gunes-Santrallerimiz.png 500w\" sizes=\"(max-width: 300px) 100vw, 300px\" \/>\t\t\t\t\t\t\t\t\t\t\t\t\t\t\t<\/div>\n\t\t\t\t<div class=\"elementor-element elementor-element-a74ecde elementor-widget elementor-widget-heading\" data-id=\"a74ecde\" data-element_type=\"widget\" data-widget_type=\"heading.default\">\n\t\t\t\t\t<h2 class=\"elementor-heading-title elementor-size-default\">Our Gallium (1,148 MW) and Oraka (1,148 MW) Solar Power Plants located in Sivrihisar<\/h2>\t\t\t\t<\/div>\n\t\t\t\t<\/div>\n\t\t<div class=\"elementor-element elementor-element-4281717 e-con-full e-flex e-con e-child\" data-id=\"4281717\" data-element_type=\"container\">\n\t\t\t\t<div class=\"elementor-element elementor-element-54c3108 elementor-widget elementor-widget-image\" data-id=\"54c3108\" data-element_type=\"widget\" data-widget_type=\"image.default\">\n\t\t\t\t\t\t\t\t\t\t\t\t\t\t\t<img decoding=\"async\" width=\"300\" height=\"300\" src=\"https:\/\/www.oraka.com.tr\/en\/wp-content\/uploads\/2025\/09\/Odemiste-bulunan-Imbat-1.048-Mw-ve-Lodos-1.048-Mw-Gunes-Santrallerimiz--300x300.png\" class=\"attachment-medium size-medium wp-image-732\" alt=\"\" srcset=\"https:\/\/www.oraka.com.tr\/en\/wp-content\/uploads\/2025\/09\/Odemiste-bulunan-Imbat-1.048-Mw-ve-Lodos-1.048-Mw-Gunes-Santrallerimiz--300x300.png 300w, https:\/\/www.oraka.com.tr\/en\/wp-content\/uploads\/2025\/09\/Odemiste-bulunan-Imbat-1.048-Mw-ve-Lodos-1.048-Mw-Gunes-Santrallerimiz--150x150.png 150w, https:\/\/www.oraka.com.tr\/en\/wp-content\/uploads\/2025\/09\/Odemiste-bulunan-Imbat-1.048-Mw-ve-Lodos-1.048-Mw-Gunes-Santrallerimiz-.png 500w\" sizes=\"(max-width: 300px) 100vw, 300px\" \/>\t\t\t\t\t\t\t\t\t\t\t\t\t\t\t<\/div>\n\t\t\t\t<div class=\"elementor-element elementor-element-9f87731 elementor-widget elementor-widget-heading\" data-id=\"9f87731\" data-element_type=\"widget\" data-widget_type=\"heading.default\">\n\t\t\t\t\t<h2 class=\"elementor-heading-title elementor-size-default\">Our \u0130mbat (1,048 MW) and Lodos (1,048 MW) Solar Power Plants located in \u00d6demi\u015f<\/h2>\t\t\t\t<\/div>\n\t\t\t\t<\/div>\n\t\t\t\t\t<\/div>\n\t\t\t\t<\/div>\n\t\t<div class=\"elementor-element elementor-element-e5560a8 e-flex e-con-boxed e-con e-parent\" data-id=\"e5560a8\" data-element_type=\"container\">\n\t\t\t\t\t<div class=\"e-con-inner\">\n\t\t<div class=\"elementor-element elementor-element-75aeed0 e-con-full e-flex e-con e-child\" data-id=\"75aeed0\" data-element_type=\"container\">\n\t\t\t\t<div class=\"elementor-element elementor-element-a452686 elementor-widget elementor-widget-image\" data-id=\"a452686\" data-element_type=\"widget\" data-widget_type=\"image.default\">\n\t\t\t\t\t\t\t\t\t\t\t\t\t\t\t<img decoding=\"async\" width=\"300\" height=\"300\" src=\"https:\/\/www.oraka.com.tr\/en\/wp-content\/uploads\/2025\/09\/Kochisar-Yalnizpinarda-bulunan-Galyum-1.035Mw-ve-Orakages-1.104Mw-Gunes-Santrallerimiz-300x300.png\" class=\"attachment-medium size-medium wp-image-730\" alt=\"\" srcset=\"https:\/\/www.oraka.com.tr\/en\/wp-content\/uploads\/2025\/09\/Kochisar-Yalnizpinarda-bulunan-Galyum-1.035Mw-ve-Orakages-1.104Mw-Gunes-Santrallerimiz-300x300.png 300w, https:\/\/www.oraka.com.tr\/en\/wp-content\/uploads\/2025\/09\/Kochisar-Yalnizpinarda-bulunan-Galyum-1.035Mw-ve-Orakages-1.104Mw-Gunes-Santrallerimiz-150x150.png 150w, https:\/\/www.oraka.com.tr\/en\/wp-content\/uploads\/2025\/09\/Kochisar-Yalnizpinarda-bulunan-Galyum-1.035Mw-ve-Orakages-1.104Mw-Gunes-Santrallerimiz.png 500w\" sizes=\"(max-width: 300px) 100vw, 300px\" \/>\t\t\t\t\t\t\t\t\t\t\t\t\t\t\t<\/div>\n\t\t\t\t<div class=\"elementor-element elementor-element-82370aa elementor-widget elementor-widget-heading\" data-id=\"82370aa\" data-element_type=\"widget\" data-widget_type=\"heading.default\">\n\t\t\t\t\t<h2 class=\"elementor-heading-title elementor-size-default\">Our Gallium (1,035 MW) and Orakages (1,104 MW) Solar Power Plants located in Ko\u00e7hisar Yaln\u0131zp\u0131nar<\/h2>\t\t\t\t<\/div>\n\t\t\t\t<\/div>\n\t\t<div class=\"elementor-element elementor-element-b631072 e-con-full e-flex e-con e-child\" data-id=\"b631072\" data-element_type=\"container\">\n\t\t\t\t<div class=\"elementor-element elementor-element-52490cc elementor-widget elementor-widget-image\" data-id=\"52490cc\" data-element_type=\"widget\" data-widget_type=\"image.default\">\n\t\t\t\t\t\t\t\t\t\t\t\t\t\t\t<img loading=\"lazy\" decoding=\"async\" width=\"300\" height=\"300\" src=\"https:\/\/www.oraka.com.tr\/en\/wp-content\/uploads\/2025\/09\/Aksaray-Toprakkayada-bulunan-Imbat-1.170-Mw-ve-Lodos-1.170-Mw-Gunes-Santrallerimiz-300x300.png\" class=\"attachment-medium size-medium wp-image-731\" alt=\"\" srcset=\"https:\/\/www.oraka.com.tr\/en\/wp-content\/uploads\/2025\/09\/Aksaray-Toprakkayada-bulunan-Imbat-1.170-Mw-ve-Lodos-1.170-Mw-Gunes-Santrallerimiz-300x300.png 300w, https:\/\/www.oraka.com.tr\/en\/wp-content\/uploads\/2025\/09\/Aksaray-Toprakkayada-bulunan-Imbat-1.170-Mw-ve-Lodos-1.170-Mw-Gunes-Santrallerimiz-150x150.png 150w, https:\/\/www.oraka.com.tr\/en\/wp-content\/uploads\/2025\/09\/Aksaray-Toprakkayada-bulunan-Imbat-1.170-Mw-ve-Lodos-1.170-Mw-Gunes-Santrallerimiz.png 500w\" sizes=\"(max-width: 300px) 100vw, 300px\" \/>\t\t\t\t\t\t\t\t\t\t\t\t\t\t\t<\/div>\n\t\t\t\t<div class=\"elementor-element elementor-element-954e44e elementor-widget elementor-widget-heading\" data-id=\"954e44e\" data-element_type=\"widget\" data-widget_type=\"heading.default\">\n\t\t\t\t\t<h2 class=\"elementor-heading-title elementor-size-default\">Our \u0130mbat (1,170 MW) and Lodos (1,170 MW) Solar Power Plants located in Toprakkaya, Aksaray<\/h2>\t\t\t\t<\/div>\n\t\t\t\t<\/div>\n\t\t\t\t\t<\/div>\n\t\t\t\t<\/div>\n\t\t<div class=\"elementor-element elementor-element-5141361 e-flex e-con-boxed e-con e-parent\" data-id=\"5141361\" data-element_type=\"container\">\n\t\t\t\t\t<div class=\"e-con-inner\">\n\t\t<div class=\"elementor-element elementor-element-fbb45d3 e-con-full e-flex e-con e-child\" data-id=\"fbb45d3\" data-element_type=\"container\">\n\t\t\t\t<div class=\"elementor-element elementor-element-dac124e elementor-widget elementor-widget-image\" data-id=\"dac124e\" data-element_type=\"widget\" data-widget_type=\"image.default\">\n\t\t\t\t\t\t\t\t\t\t\t\t\t\t\t<img loading=\"lazy\" decoding=\"async\" width=\"300\" height=\"300\" src=\"https:\/\/www.oraka.com.tr\/en\/wp-content\/uploads\/2025\/09\/Adsiz-tasarim-13-300x300.png\" class=\"attachment-medium size-medium wp-image-143\" alt=\"\" srcset=\"https:\/\/www.oraka.com.tr\/en\/wp-content\/uploads\/2025\/09\/Adsiz-tasarim-13-300x300.png 300w, https:\/\/www.oraka.com.tr\/en\/wp-content\/uploads\/2025\/09\/Adsiz-tasarim-13-150x150.png 150w, https:\/\/www.oraka.com.tr\/en\/wp-content\/uploads\/2025\/09\/Adsiz-tasarim-13.png 500w\" sizes=\"(max-width: 300px) 100vw, 300px\" \/>\t\t\t\t\t\t\t\t\t\t\t\t\t\t\t<\/div>\n\t\t\t\t<div class=\"elementor-element elementor-element-a9d0a91 elementor-widget elementor-widget-heading\" data-id=\"a9d0a91\" data-element_type=\"widget\" data-widget_type=\"heading.default\">\n\t\t\t\t\t<h2 class=\"elementor-heading-title elementor-size-default\">Ko\u00e7hisar CEGES Solar Power Plant \u2013 1,056 MW<\/h2>\t\t\t\t<\/div>\n\t\t\t\t<\/div>\n\t\t<div class=\"elementor-element elementor-element-dbbe6f5 e-con-full e-flex e-con e-child\" data-id=\"dbbe6f5\" data-element_type=\"container\">\n\t\t\t\t<\/div>\n\t\t\t\t\t<\/div>\n\t\t\t\t<\/div>\n\t\t\t\t<\/div>\n\t\t","protected":false},"excerpt":{"rendered":"<p>As Oraka Group of Companies, we continue to invest in the energy sector. Primarily focused on solar power plants, we have commissioned a total of 10 unlicensed solar power projects with an installed capacity of 18 MW over the past four years, contributing to the national economy through renewable energy. Additionally, a licensed solar power [&hellip;]<\/p>\n","protected":false},"author":1,"featured_media":144,"parent":0,"menu_order":0,"comment_status":"closed","ping_status":"closed","template":"","meta":{"footnotes":""},"class_list":["post-726","page","type-page","status-publish","has-post-thumbnail","hentry"],"yoast_head":"<!-- This site is optimized with the Yoast SEO Premium plugin v25.6 (Yoast SEO v26.0) - https:\/\/yoast.com\/wordpress\/plugins\/seo\/ -->\n<title>Energy - &#x1f449; Oraka Construction - Oraka Group of Companies<\/title>\n<meta name=\"robots\" content=\"index, follow, max-snippet:-1, max-image-preview:large, max-video-preview:-1\" \/>\n<link rel=\"canonical\" href=\"https:\/\/www.oraka.com.tr\/en\/energy\/\" \/>\n<meta property=\"og:locale\" content=\"tr_TR\" \/>\n<meta property=\"og:type\" content=\"article\" \/>\n<meta property=\"og:title\" content=\"Energy\" \/>\n<meta property=\"og:description\" content=\"As Oraka Group of Companies, we continue to invest in the energy sector. Primarily focused on solar power plants, we have commissioned a total of 10 unlicensed solar power projects with an installed capacity of 18 MW over the past four years, contributing to the national economy through renewable energy. Additionally, a licensed solar power [&hellip;]\" \/>\n<meta property=\"og:url\" content=\"https:\/\/www.oraka.com.tr\/en\/energy\/\" \/>\n<meta property=\"og:site_name\" content=\"&#x1f449; Oraka Construction - Oraka Group of Companies\" \/>\n<meta property=\"article:modified_time\" content=\"2025-09-27T08:25:04+00:00\" \/>\n<meta property=\"og:image\" content=\"https:\/\/www.oraka.com.tr\/en\/wp-content\/uploads\/2025\/09\/Adsiz-tasarim-14.png\" \/>\n\t<meta property=\"og:image:width\" content=\"500\" \/>\n\t<meta property=\"og:image:height\" content=\"500\" \/>\n\t<meta property=\"og:image:type\" content=\"image\/png\" \/>\n<meta name=\"twitter:card\" content=\"summary_large_image\" \/>\n<meta name=\"twitter:label1\" content=\"Tahmini okuma s\u00fcresi\" \/>\n\t<meta name=\"twitter:data1\" content=\"1 dakika\" \/>\n<script type=\"application\/ld+json\" class=\"yoast-schema-graph\">{\"@context\":\"https:\/\/schema.org\",\"@graph\":[{\"@type\":\"WebPage\",\"@id\":\"https:\/\/www.oraka.com.tr\/en\/energy\/\",\"url\":\"https:\/\/www.oraka.com.tr\/en\/energy\/\",\"name\":\"Energy - &#x1f449; Oraka Construction - Oraka Group of Companies\",\"isPartOf\":{\"@id\":\"https:\/\/www.oraka.com.tr\/en\/#website\"},\"primaryImageOfPage\":{\"@id\":\"https:\/\/www.oraka.com.tr\/en\/energy\/#primaryimage\"},\"image\":{\"@id\":\"https:\/\/www.oraka.com.tr\/en\/energy\/#primaryimage\"},\"thumbnailUrl\":\"https:\/\/www.oraka.com.tr\/en\/wp-content\/uploads\/2025\/09\/Adsiz-tasarim-14.png\",\"datePublished\":\"2025-09-11T12:14:14+00:00\",\"dateModified\":\"2025-09-27T08:25:04+00:00\",\"breadcrumb\":{\"@id\":\"https:\/\/www.oraka.com.tr\/en\/energy\/#breadcrumb\"},\"inLanguage\":\"tr\",\"potentialAction\":[{\"@type\":\"ReadAction\",\"target\":[\"https:\/\/www.oraka.com.tr\/en\/energy\/\"]}]},{\"@type\":\"ImageObject\",\"inLanguage\":\"tr\",\"@id\":\"https:\/\/www.oraka.com.tr\/en\/energy\/#primaryimage\",\"url\":\"https:\/\/www.oraka.com.tr\/en\/wp-content\/uploads\/2025\/09\/Adsiz-tasarim-14.png\",\"contentUrl\":\"https:\/\/www.oraka.com.tr\/en\/wp-content\/uploads\/2025\/09\/Adsiz-tasarim-14.png\",\"width\":500,\"height\":500},{\"@type\":\"BreadcrumbList\",\"@id\":\"https:\/\/www.oraka.com.tr\/en\/energy\/#breadcrumb\",\"itemListElement\":[{\"@type\":\"ListItem\",\"position\":1,\"name\":\"Anasayfa\",\"item\":\"https:\/\/www.oraka.com.tr\/en\/\"},{\"@type\":\"ListItem\",\"position\":2,\"name\":\"Energy\"}]},{\"@type\":\"WebSite\",\"@id\":\"https:\/\/www.oraka.com.tr\/en\/#website\",\"url\":\"https:\/\/www.oraka.com.tr\/en\/\",\"name\":\"&#x1f449; Oraka Construction - Oraka Group of Companies\",\"description\":\"\",\"publisher\":{\"@id\":\"https:\/\/www.oraka.com.tr\/en\/#organization\"},\"potentialAction\":[{\"@type\":\"SearchAction\",\"target\":{\"@type\":\"EntryPoint\",\"urlTemplate\":\"https:\/\/www.oraka.com.tr\/en\/?s={search_term_string}\"},\"query-input\":{\"@type\":\"PropertyValueSpecification\",\"valueRequired\":true,\"valueName\":\"search_term_string\"}}],\"inLanguage\":\"tr\"},{\"@type\":\"Organization\",\"@id\":\"https:\/\/www.oraka.com.tr\/en\/#organization\",\"name\":\"&#x1f449; Oraka Construction - Oraka Group of Companies\",\"url\":\"https:\/\/www.oraka.com.tr\/en\/\",\"logo\":{\"@type\":\"ImageObject\",\"inLanguage\":\"tr\",\"@id\":\"https:\/\/www.oraka.com.tr\/en\/#\/schema\/logo\/image\/\",\"url\":\"https:\/\/www.oraka.com.tr\/en\/wp-content\/uploads\/2025\/10\/oraka-logo-1-e1759461827197.png\",\"contentUrl\":\"https:\/\/www.oraka.com.tr\/en\/wp-content\/uploads\/2025\/10\/oraka-logo-1-e1759461827197.png\",\"width\":500,\"height\":309,\"caption\":\"&#x1f449; Oraka Construction - Oraka Group of Companies\"},\"image\":{\"@id\":\"https:\/\/www.oraka.com.tr\/en\/#\/schema\/logo\/image\/\"}}]}<\/script>\n<!-- \/ Yoast SEO Premium plugin. -->","yoast_head_json":{"title":"Energy - &#x1f449; Oraka Construction - Oraka Group of Companies","robots":{"index":"index","follow":"follow","max-snippet":"max-snippet:-1","max-image-preview":"max-image-preview:large","max-video-preview":"max-video-preview:-1"},"canonical":"https:\/\/www.oraka.com.tr\/en\/energy\/","og_locale":"tr_TR","og_type":"article","og_title":"Energy","og_description":"As Oraka Group of Companies, we continue to invest in the energy sector. Primarily focused on solar power plants, we have commissioned a total of 10 unlicensed solar power projects with an installed capacity of 18 MW over the past four years, contributing to the national economy through renewable energy. Additionally, a licensed solar power [&hellip;]","og_url":"https:\/\/www.oraka.com.tr\/en\/energy\/","og_site_name":"&#x1f449; Oraka Construction - Oraka Group of Companies","article_modified_time":"2025-09-27T08:25:04+00:00","og_image":[{"width":500,"height":500,"url":"https:\/\/www.oraka.com.tr\/en\/wp-content\/uploads\/2025\/09\/Adsiz-tasarim-14.png","type":"image\/png"}],"twitter_card":"summary_large_image","twitter_misc":{"Tahmini okuma s\u00fcresi":"1 dakika"},"schema":{"@context":"https:\/\/schema.org","@graph":[{"@type":"WebPage","@id":"https:\/\/www.oraka.com.tr\/en\/energy\/","url":"https:\/\/www.oraka.com.tr\/en\/energy\/","name":"Energy - &#x1f449; Oraka Construction - Oraka Group of Companies","isPartOf":{"@id":"https:\/\/www.oraka.com.tr\/en\/#website"},"primaryImageOfPage":{"@id":"https:\/\/www.oraka.com.tr\/en\/energy\/#primaryimage"},"image":{"@id":"https:\/\/www.oraka.com.tr\/en\/energy\/#primaryimage"},"thumbnailUrl":"https:\/\/www.oraka.com.tr\/en\/wp-content\/uploads\/2025\/09\/Adsiz-tasarim-14.png","datePublished":"2025-09-11T12:14:14+00:00","dateModified":"2025-09-27T08:25:04+00:00","breadcrumb":{"@id":"https:\/\/www.oraka.com.tr\/en\/energy\/#breadcrumb"},"inLanguage":"tr","potentialAction":[{"@type":"ReadAction","target":["https:\/\/www.oraka.com.tr\/en\/energy\/"]}]},{"@type":"ImageObject","inLanguage":"tr","@id":"https:\/\/www.oraka.com.tr\/en\/energy\/#primaryimage","url":"https:\/\/www.oraka.com.tr\/en\/wp-content\/uploads\/2025\/09\/Adsiz-tasarim-14.png","contentUrl":"https:\/\/www.oraka.com.tr\/en\/wp-content\/uploads\/2025\/09\/Adsiz-tasarim-14.png","width":500,"height":500},{"@type":"BreadcrumbList","@id":"https:\/\/www.oraka.com.tr\/en\/energy\/#breadcrumb","itemListElement":[{"@type":"ListItem","position":1,"name":"Anasayfa","item":"https:\/\/www.oraka.com.tr\/en\/"},{"@type":"ListItem","position":2,"name":"Energy"}]},{"@type":"WebSite","@id":"https:\/\/www.oraka.com.tr\/en\/#website","url":"https:\/\/www.oraka.com.tr\/en\/","name":"&#x1f449; Oraka Construction - Oraka Group of Companies","description":"","publisher":{"@id":"https:\/\/www.oraka.com.tr\/en\/#organization"},"potentialAction":[{"@type":"SearchAction","target":{"@type":"EntryPoint","urlTemplate":"https:\/\/www.oraka.com.tr\/en\/?s={search_term_string}"},"query-input":{"@type":"PropertyValueSpecification","valueRequired":true,"valueName":"search_term_string"}}],"inLanguage":"tr"},{"@type":"Organization","@id":"https:\/\/www.oraka.com.tr\/en\/#organization","name":"&#x1f449; Oraka Construction - Oraka Group of Companies","url":"https:\/\/www.oraka.com.tr\/en\/","logo":{"@type":"ImageObject","inLanguage":"tr","@id":"https:\/\/www.oraka.com.tr\/en\/#\/schema\/logo\/image\/","url":"https:\/\/www.oraka.com.tr\/en\/wp-content\/uploads\/2025\/10\/oraka-logo-1-e1759461827197.png","contentUrl":"https:\/\/www.oraka.com.tr\/en\/wp-content\/uploads\/2025\/10\/oraka-logo-1-e1759461827197.png","width":500,"height":309,"caption":"&#x1f449; Oraka Construction - Oraka Group of Companies"},"image":{"@id":"https:\/\/www.oraka.com.tr\/en\/#\/schema\/logo\/image\/"}}]}},"_links":{"self":[{"href":"https:\/\/www.oraka.com.tr\/en\/wp-json\/wp\/v2\/pages\/726","targetHints":{"allow":["GET"]}}],"collection":[{"href":"https:\/\/www.oraka.com.tr\/en\/wp-json\/wp\/v2\/pages"}],"about":[{"href":"https:\/\/www.oraka.com.tr\/en\/wp-json\/wp\/v2\/types\/page"}],"author":[{"embeddable":true,"href":"https:\/\/www.oraka.com.tr\/en\/wp-json\/wp\/v2\/users\/1"}],"replies":[{"embeddable":true,"href":"https:\/\/www.oraka.com.tr\/en\/wp-json\/wp\/v2\/comments?post=726"}],"version-history":[{"count":11,"href":"https:\/\/www.oraka.com.tr\/en\/wp-json\/wp\/v2\/pages\/726\/revisions"}],"predecessor-version":[{"id":1197,"href":"https:\/\/www.oraka.com.tr\/en\/wp-json\/wp\/v2\/pages\/726\/revisions\/1197"}],"wp:featuredmedia":[{"embeddable":true,"href":"https:\/\/www.oraka.com.tr\/en\/wp-json\/wp\/v2\/media\/144"}],"wp:attachment":[{"href":"https:\/\/www.oraka.com.tr\/en\/wp-json\/wp\/v2\/media?parent=726"}],"curies":[{"name":"wp","href":"https:\/\/api.w.org\/{rel}","templated":true}]}}