{"id":745,"date":"2025-09-11T12:24:40","date_gmt":"2025-09-11T12:24:40","guid":{"rendered":"https:\/\/www.oraka.com.tr\/en\/?page_id=745"},"modified":"2025-09-27T08:20:29","modified_gmt":"2025-09-27T08:20:29","slug":"other","status":"publish","type":"page","link":"https:\/\/www.oraka.com.tr\/en\/other\/","title":{"rendered":"Other"},"content":{"rendered":"\t\t<div data-elementor-type=\"wp-page\" data-elementor-id=\"745\" class=\"elementor elementor-745\" data-elementor-post-type=\"page\">\n\t\t\t\t<div class=\"elementor-element elementor-element-19afc7a e-flex e-con-boxed e-con e-parent\" data-id=\"19afc7a\" data-element_type=\"container\">\n\t\t\t\t\t<div class=\"e-con-inner\">\n\t\t<div class=\"elementor-element elementor-element-fda4b09 e-con-full e-flex e-con e-child\" data-id=\"fda4b09\" data-element_type=\"container\">\n\t\t\t\t<div class=\"elementor-element elementor-element-bbf826e elementor-widget elementor-widget-image\" data-id=\"bbf826e\" data-element_type=\"widget\" data-widget_type=\"image.default\">\n\t\t\t\t\t\t\t\t\t\t\t\t\t\t\t<img fetchpriority=\"high\" decoding=\"async\" width=\"500\" height=\"500\" src=\"https:\/\/www.oraka.com.tr\/en\/wp-content\/uploads\/2025\/09\/Adsiz-tasarim-15.png\" class=\"attachment-large size-large wp-image-147\" alt=\"\" srcset=\"https:\/\/www.oraka.com.tr\/en\/wp-content\/uploads\/2025\/09\/Adsiz-tasarim-15.png 500w, https:\/\/www.oraka.com.tr\/en\/wp-content\/uploads\/2025\/09\/Adsiz-tasarim-15-300x300.png 300w, https:\/\/www.oraka.com.tr\/en\/wp-content\/uploads\/2025\/09\/Adsiz-tasarim-15-150x150.png 150w\" sizes=\"(max-width: 500px) 100vw, 500px\" \/>\t\t\t\t\t\t\t\t\t\t\t\t\t\t\t<\/div>\n\t\t\t\t<\/div>\n\t\t<div class=\"elementor-element elementor-element-45e4c74 e-con-full e-flex e-con e-child\" data-id=\"45e4c74\" data-element_type=\"container\">\n\t\t\t\t<div class=\"elementor-element elementor-element-ee0d818 elementor-widget elementor-widget-text-editor\" data-id=\"ee0d818\" data-element_type=\"widget\" data-widget_type=\"text-editor.default\">\n\t\t\t\t\t\t\t\t\t<p data-start=\"71\" data-end=\"276\">The companies that make up the group have carried out activities not only in the construction contracting and energy sectors but also in the field of investments. Some of these investment projects include:<\/p><p data-start=\"278\" data-end=\"622\">In Ankara\u2019s Alt\u0131nda\u011f district, the Alt\u0131nyurt Shopping Mall and Dormitory Complex was constructed with a total area of 12,500 m\u00b2, of which 5,500 m\u00b2 is allocated to the shopping mall, 5,500 m\u00b2 to the dormitory building, and 1,500 m\u00b2 to the parking area. The 600-capacity dormitory building was leased in 2015 as a T\u00dcRGEV girls\u2019 student dormitory.<\/p><p data-start=\"624\" data-end=\"902\">In \u00c7ayyolu\/Beytepe, Ankara, the Orion Residences were built on a 6-decare land, consisting of 16 housing units. Of this area, 3,500 m\u00b2 has been designated as green space, and the residences were designed in three types: garden duplex, penthouse duplex, and residence apartments.<\/p><p data-start=\"904\" data-end=\"1079\">In Istanbul\u2019s Sar\u0131yer district, the Studio Life project, covering a 2,000 m\u00b2 area and consisting of two blocks with a total of 66 apartments, continues our investment efforts.<\/p><p data-start=\"1081\" data-end=\"1328\">In addition to our residential investments, we contribute to the national economy through our integrated facility, established on a 3,000 m\u00b2 area, which supports the annual harvesting of 20,000 m\u00b3 of planted trees, including fir, spruce, and pine.<\/p>\t\t\t\t\t\t\t\t<\/div>\n\t\t\t\t<\/div>\n\t\t\t\t\t<\/div>\n\t\t\t\t<\/div>\n\t\t\t\t<\/div>\n\t\t","protected":false},"excerpt":{"rendered":"<p>The companies that make up the group have carried out activities not only in the construction contracting and energy sectors but also in the field of investments. Some of these investment projects include: In Ankara\u2019s Alt\u0131nda\u011f district, the Alt\u0131nyurt Shopping Mall and Dormitory Complex was constructed with a total area of 12,500 m\u00b2, of which [&hellip;]<\/p>\n","protected":false},"author":1,"featured_media":147,"parent":0,"menu_order":0,"comment_status":"closed","ping_status":"closed","template":"","meta":{"footnotes":""},"class_list":["post-745","page","type-page","status-publish","has-post-thumbnail","hentry"],"yoast_head":"<!-- This site is optimized with the Yoast SEO Premium plugin v25.6 (Yoast SEO v26.0) - https:\/\/yoast.com\/wordpress\/plugins\/seo\/ -->\n<title>Other - &#x1f449; Oraka Construction - Oraka Group of Companies<\/title>\n<meta name=\"robots\" content=\"index, follow, max-snippet:-1, max-image-preview:large, max-video-preview:-1\" \/>\n<link rel=\"canonical\" href=\"https:\/\/www.oraka.com.tr\/en\/other\/\" \/>\n<meta property=\"og:locale\" content=\"tr_TR\" \/>\n<meta property=\"og:type\" content=\"article\" \/>\n<meta property=\"og:title\" content=\"Other\" \/>\n<meta property=\"og:description\" content=\"The companies that make up the group have carried out activities not only in the construction contracting and energy sectors but also in the field of investments. Some of these investment projects include: In Ankara\u2019s Alt\u0131nda\u011f district, the Alt\u0131nyurt Shopping Mall and Dormitory Complex was constructed with a total area of 12,500 m\u00b2, of which [&hellip;]\" \/>\n<meta property=\"og:url\" content=\"https:\/\/www.oraka.com.tr\/en\/other\/\" \/>\n<meta property=\"og:site_name\" content=\"&#x1f449; Oraka Construction - Oraka Group of Companies\" \/>\n<meta property=\"article:modified_time\" content=\"2025-09-27T08:20:29+00:00\" \/>\n<meta property=\"og:image\" content=\"https:\/\/www.oraka.com.tr\/en\/wp-content\/uploads\/2025\/09\/Adsiz-tasarim-15.png\" \/>\n\t<meta property=\"og:image:width\" content=\"500\" \/>\n\t<meta property=\"og:image:height\" content=\"500\" \/>\n\t<meta property=\"og:image:type\" content=\"image\/png\" \/>\n<meta name=\"twitter:card\" content=\"summary_large_image\" \/>\n<meta name=\"twitter:label1\" content=\"Tahmini okuma s\u00fcresi\" \/>\n\t<meta name=\"twitter:data1\" content=\"2 dakika\" \/>\n<script type=\"application\/ld+json\" class=\"yoast-schema-graph\">{\"@context\":\"https:\/\/schema.org\",\"@graph\":[{\"@type\":\"WebPage\",\"@id\":\"https:\/\/www.oraka.com.tr\/en\/other\/\",\"url\":\"https:\/\/www.oraka.com.tr\/en\/other\/\",\"name\":\"Other - &#x1f449; Oraka Construction - Oraka Group of Companies\",\"isPartOf\":{\"@id\":\"https:\/\/www.oraka.com.tr\/en\/#website\"},\"primaryImageOfPage\":{\"@id\":\"https:\/\/www.oraka.com.tr\/en\/other\/#primaryimage\"},\"image\":{\"@id\":\"https:\/\/www.oraka.com.tr\/en\/other\/#primaryimage\"},\"thumbnailUrl\":\"https:\/\/www.oraka.com.tr\/en\/wp-content\/uploads\/2025\/09\/Adsiz-tasarim-15.png\",\"datePublished\":\"2025-09-11T12:24:40+00:00\",\"dateModified\":\"2025-09-27T08:20:29+00:00\",\"breadcrumb\":{\"@id\":\"https:\/\/www.oraka.com.tr\/en\/other\/#breadcrumb\"},\"inLanguage\":\"tr\",\"potentialAction\":[{\"@type\":\"ReadAction\",\"target\":[\"https:\/\/www.oraka.com.tr\/en\/other\/\"]}]},{\"@type\":\"ImageObject\",\"inLanguage\":\"tr\",\"@id\":\"https:\/\/www.oraka.com.tr\/en\/other\/#primaryimage\",\"url\":\"https:\/\/www.oraka.com.tr\/en\/wp-content\/uploads\/2025\/09\/Adsiz-tasarim-15.png\",\"contentUrl\":\"https:\/\/www.oraka.com.tr\/en\/wp-content\/uploads\/2025\/09\/Adsiz-tasarim-15.png\",\"width\":500,\"height\":500},{\"@type\":\"BreadcrumbList\",\"@id\":\"https:\/\/www.oraka.com.tr\/en\/other\/#breadcrumb\",\"itemListElement\":[{\"@type\":\"ListItem\",\"position\":1,\"name\":\"Anasayfa\",\"item\":\"https:\/\/www.oraka.com.tr\/en\/\"},{\"@type\":\"ListItem\",\"position\":2,\"name\":\"Other\"}]},{\"@type\":\"WebSite\",\"@id\":\"https:\/\/www.oraka.com.tr\/en\/#website\",\"url\":\"https:\/\/www.oraka.com.tr\/en\/\",\"name\":\"&#x1f449; Oraka Construction - Oraka Group of Companies\",\"description\":\"\",\"publisher\":{\"@id\":\"https:\/\/www.oraka.com.tr\/en\/#organization\"},\"potentialAction\":[{\"@type\":\"SearchAction\",\"target\":{\"@type\":\"EntryPoint\",\"urlTemplate\":\"https:\/\/www.oraka.com.tr\/en\/?s={search_term_string}\"},\"query-input\":{\"@type\":\"PropertyValueSpecification\",\"valueRequired\":true,\"valueName\":\"search_term_string\"}}],\"inLanguage\":\"tr\"},{\"@type\":\"Organization\",\"@id\":\"https:\/\/www.oraka.com.tr\/en\/#organization\",\"name\":\"&#x1f449; Oraka Construction - Oraka Group of Companies\",\"url\":\"https:\/\/www.oraka.com.tr\/en\/\",\"logo\":{\"@type\":\"ImageObject\",\"inLanguage\":\"tr\",\"@id\":\"https:\/\/www.oraka.com.tr\/en\/#\/schema\/logo\/image\/\",\"url\":\"https:\/\/www.oraka.com.tr\/en\/wp-content\/uploads\/2025\/10\/oraka-logo-1-e1759461827197.png\",\"contentUrl\":\"https:\/\/www.oraka.com.tr\/en\/wp-content\/uploads\/2025\/10\/oraka-logo-1-e1759461827197.png\",\"width\":500,\"height\":309,\"caption\":\"&#x1f449; Oraka Construction - Oraka Group of Companies\"},\"image\":{\"@id\":\"https:\/\/www.oraka.com.tr\/en\/#\/schema\/logo\/image\/\"}}]}<\/script>\n<!-- \/ Yoast SEO Premium plugin. -->","yoast_head_json":{"title":"Other - &#x1f449; Oraka Construction - Oraka Group of Companies","robots":{"index":"index","follow":"follow","max-snippet":"max-snippet:-1","max-image-preview":"max-image-preview:large","max-video-preview":"max-video-preview:-1"},"canonical":"https:\/\/www.oraka.com.tr\/en\/other\/","og_locale":"tr_TR","og_type":"article","og_title":"Other","og_description":"The companies that make up the group have carried out activities not only in the construction contracting and energy sectors but also in the field of investments. Some of these investment projects include: In Ankara\u2019s Alt\u0131nda\u011f district, the Alt\u0131nyurt Shopping Mall and Dormitory Complex was constructed with a total area of 12,500 m\u00b2, of which [&hellip;]","og_url":"https:\/\/www.oraka.com.tr\/en\/other\/","og_site_name":"&#x1f449; Oraka Construction - Oraka Group of Companies","article_modified_time":"2025-09-27T08:20:29+00:00","og_image":[{"width":500,"height":500,"url":"https:\/\/www.oraka.com.tr\/en\/wp-content\/uploads\/2025\/09\/Adsiz-tasarim-15.png","type":"image\/png"}],"twitter_card":"summary_large_image","twitter_misc":{"Tahmini okuma s\u00fcresi":"2 dakika"},"schema":{"@context":"https:\/\/schema.org","@graph":[{"@type":"WebPage","@id":"https:\/\/www.oraka.com.tr\/en\/other\/","url":"https:\/\/www.oraka.com.tr\/en\/other\/","name":"Other - &#x1f449; Oraka Construction - Oraka Group of Companies","isPartOf":{"@id":"https:\/\/www.oraka.com.tr\/en\/#website"},"primaryImageOfPage":{"@id":"https:\/\/www.oraka.com.tr\/en\/other\/#primaryimage"},"image":{"@id":"https:\/\/www.oraka.com.tr\/en\/other\/#primaryimage"},"thumbnailUrl":"https:\/\/www.oraka.com.tr\/en\/wp-content\/uploads\/2025\/09\/Adsiz-tasarim-15.png","datePublished":"2025-09-11T12:24:40+00:00","dateModified":"2025-09-27T08:20:29+00:00","breadcrumb":{"@id":"https:\/\/www.oraka.com.tr\/en\/other\/#breadcrumb"},"inLanguage":"tr","potentialAction":[{"@type":"ReadAction","target":["https:\/\/www.oraka.com.tr\/en\/other\/"]}]},{"@type":"ImageObject","inLanguage":"tr","@id":"https:\/\/www.oraka.com.tr\/en\/other\/#primaryimage","url":"https:\/\/www.oraka.com.tr\/en\/wp-content\/uploads\/2025\/09\/Adsiz-tasarim-15.png","contentUrl":"https:\/\/www.oraka.com.tr\/en\/wp-content\/uploads\/2025\/09\/Adsiz-tasarim-15.png","width":500,"height":500},{"@type":"BreadcrumbList","@id":"https:\/\/www.oraka.com.tr\/en\/other\/#breadcrumb","itemListElement":[{"@type":"ListItem","position":1,"name":"Anasayfa","item":"https:\/\/www.oraka.com.tr\/en\/"},{"@type":"ListItem","position":2,"name":"Other"}]},{"@type":"WebSite","@id":"https:\/\/www.oraka.com.tr\/en\/#website","url":"https:\/\/www.oraka.com.tr\/en\/","name":"&#x1f449; Oraka Construction - Oraka Group of Companies","description":"","publisher":{"@id":"https:\/\/www.oraka.com.tr\/en\/#organization"},"potentialAction":[{"@type":"SearchAction","target":{"@type":"EntryPoint","urlTemplate":"https:\/\/www.oraka.com.tr\/en\/?s={search_term_string}"},"query-input":{"@type":"PropertyValueSpecification","valueRequired":true,"valueName":"search_term_string"}}],"inLanguage":"tr"},{"@type":"Organization","@id":"https:\/\/www.oraka.com.tr\/en\/#organization","name":"&#x1f449; Oraka Construction - Oraka Group of Companies","url":"https:\/\/www.oraka.com.tr\/en\/","logo":{"@type":"ImageObject","inLanguage":"tr","@id":"https:\/\/www.oraka.com.tr\/en\/#\/schema\/logo\/image\/","url":"https:\/\/www.oraka.com.tr\/en\/wp-content\/uploads\/2025\/10\/oraka-logo-1-e1759461827197.png","contentUrl":"https:\/\/www.oraka.com.tr\/en\/wp-content\/uploads\/2025\/10\/oraka-logo-1-e1759461827197.png","width":500,"height":309,"caption":"&#x1f449; Oraka Construction - Oraka Group of Companies"},"image":{"@id":"https:\/\/www.oraka.com.tr\/en\/#\/schema\/logo\/image\/"}}]}},"_links":{"self":[{"href":"https:\/\/www.oraka.com.tr\/en\/wp-json\/wp\/v2\/pages\/745","targetHints":{"allow":["GET"]}}],"collection":[{"href":"https:\/\/www.oraka.com.tr\/en\/wp-json\/wp\/v2\/pages"}],"about":[{"href":"https:\/\/www.oraka.com.tr\/en\/wp-json\/wp\/v2\/types\/page"}],"author":[{"embeddable":true,"href":"https:\/\/www.oraka.com.tr\/en\/wp-json\/wp\/v2\/users\/1"}],"replies":[{"embeddable":true,"href":"https:\/\/www.oraka.com.tr\/en\/wp-json\/wp\/v2\/comments?post=745"}],"version-history":[{"count":8,"href":"https:\/\/www.oraka.com.tr\/en\/wp-json\/wp\/v2\/pages\/745\/revisions"}],"predecessor-version":[{"id":1192,"href":"https:\/\/www.oraka.com.tr\/en\/wp-json\/wp\/v2\/pages\/745\/revisions\/1192"}],"wp:featuredmedia":[{"embeddable":true,"href":"https:\/\/www.oraka.com.tr\/en\/wp-json\/wp\/v2\/media\/147"}],"wp:attachment":[{"href":"https:\/\/www.oraka.com.tr\/en\/wp-json\/wp\/v2\/media?parent=745"}],"curies":[{"name":"wp","href":"https:\/\/api.w.org\/{rel}","templated":true}]}}